{"id":10882,"date":"2024-09-27T17:52:45","date_gmt":"2024-09-27T17:52:45","guid":{"rendered":"https:\/\/paraguaycourier.com\/index.php\/tarifas-copy\/"},"modified":"2024-10-08T20:15:41","modified_gmt":"2024-10-08T20:15:41","slug":"consolidados-lcl","status":"publish","type":"page","link":"https:\/\/paraguaycourier.com\/index.php\/consolidados-lcl\/","title":{"rendered":"Tarifas Consolidados LCL"},"content":{"rendered":"<section class=\"wpb-content-wrapper\"><p>[vc_row container=&#8221;1&#8243;][vc_column][vc_column_text]<img fetchpriority=\"high\" decoding=\"async\" class=\"aligncenter size-full wp-image-10884\" src=\"https:\/\/paraguaycourier.com\/wp-content\/uploads\/2024\/09\/carga-consolidada.jpg\" alt=\"\" width=\"1200\" height=\"627\" srcset=\"https:\/\/paraguaycourier.com\/wp-content\/uploads\/2024\/09\/carga-consolidada.jpg 1200w, https:\/\/paraguaycourier.com\/wp-content\/uploads\/2024\/09\/carga-consolidada-600x314.jpg 600w, https:\/\/paraguaycourier.com\/wp-content\/uploads\/2024\/09\/carga-consolidada-300x157.jpg 300w, https:\/\/paraguaycourier.com\/wp-content\/uploads\/2024\/09\/carga-consolidada-1024x535.jpg 1024w, https:\/\/paraguaycourier.com\/wp-content\/uploads\/2024\/09\/carga-consolidada-768x401.jpg 768w\" sizes=\"(max-width: 1200px) 100vw, 1200px\" \/>[\/vc_column_text][vc_column_text]<\/p>\n<h4><strong><i class=\"fas fa-balance-scale-right\" style=\"solid\"><\/i> Costo por Kg &#8211; Cargas que no superan los 1 CBM<\/strong><\/h4>\n<p><strong>*Obs.:<\/strong> Mercader\u00edas en la cu\u00e1l el peso neto no supera el peso volum\u00e9trico. Ropas, accesorios, art\u00edculos para el hogar, carteras, productos no inflamables, bolsones.<\/p>\n<div class=\"table-container\">\n<table id=\"flete-aereo-tabla\" style=\"width: 100%;\">\n<caption>\u00a0<\/caption>\n<thead>\n<tr>\n<th>ORIGEN<\/th>\n<th>M\u00cdNIMO 20KGS<\/th>\n<th>Gastos Locales<\/th>\n<th>&lt; 30 KGS<br \/>\nUSD 4*KGS<\/th>\n<th>&lt; 50 KGS<br \/>\nUSD 4*KGS<\/th>\n<th>&lt; 100 KGS<br \/>\nUSD 3*KGS<\/th>\n<th>&lt; 200 KGS<br \/>\nUSD 2*KGS<\/th>\n<\/tr>\n<\/thead>\n<tbody>\n<tr align=\"center\">\n<td>\u00a0<img decoding=\"async\" class=\"aligncenter lazyload\" data-src=\"https:\/\/paraguaycourier.com\/wp-content\/uploads\/2024\/04\/bandera-china.jpg\" src=\"data:image\/gif;base64,R0lGODlhAQABAAAAACH5BAEKAAEALAAAAAABAAEAAAICTAEAOw==\" style=\"--smush-placeholder-width: 44px; --smush-placeholder-aspect-ratio: 44\/23;\" \/><noscript><img decoding=\"async\" class=\"aligncenter lazyload\" data-src=\"https:\/\/paraguaycourier.com\/wp-content\/uploads\/2024\/04\/bandera-china.jpg\" src=\"data:image\/gif;base64,R0lGODlhAQABAAAAACH5BAEKAAEALAAAAAABAAEAAAICTAEAOw==\" style=\"--smush-placeholder-width: 44px; --smush-placeholder-aspect-ratio: 44\/23;\" \/><noscript><img decoding=\"async\" class=\"aligncenter lazyload\" data-src=\"https:\/\/paraguaycourier.com\/wp-content\/uploads\/2024\/04\/bandera-china.jpg\" src=\"data:image\/gif;base64,R0lGODlhAQABAAAAACH5BAEKAAEALAAAAAABAAEAAAICTAEAOw==\" style=\"--smush-placeholder-width: 44px; --smush-placeholder-aspect-ratio: 44\/23;\" \/><noscript><img decoding=\"async\" class=\"aligncenter lazyload\" data-src=\"https:\/\/paraguaycourier.com\/wp-content\/uploads\/2024\/04\/bandera-china.jpg\" src=\"data:image\/gif;base64,R0lGODlhAQABAAAAACH5BAEKAAEALAAAAAABAAEAAAICTAEAOw==\" style=\"--smush-placeholder-width: 44px; --smush-placeholder-aspect-ratio: 44\/23;\" \/><noscript><img decoding=\"async\" class=\"aligncenter\" src=\"https:\/\/paraguaycourier.com\/wp-content\/uploads\/2024\/04\/bandera-china.jpg\" \/><\/noscript><\/noscript><\/noscript><\/noscript><br \/>\nSHANGHAI<\/td>\n<td align=\"center\">80<\/td>\n<td>150<\/td>\n<td>90<\/td>\n<td>200<\/td>\n<td>300<\/td>\n<td>400<\/td>\n<\/tr>\n<tr align=\"center\">\n<td>\u00a0<img decoding=\"async\" class=\"aligncenter lazyload\" data-src=\"https:\/\/paraguaycourier.com\/wp-content\/uploads\/2024\/04\/bandera-china.jpg\" src=\"data:image\/gif;base64,R0lGODlhAQABAAAAACH5BAEKAAEALAAAAAABAAEAAAICTAEAOw==\" style=\"--smush-placeholder-width: 44px; --smush-placeholder-aspect-ratio: 44\/23;\" \/><noscript><img decoding=\"async\" class=\"aligncenter lazyload\" data-src=\"https:\/\/paraguaycourier.com\/wp-content\/uploads\/2024\/04\/bandera-china.jpg\" src=\"data:image\/gif;base64,R0lGODlhAQABAAAAACH5BAEKAAEALAAAAAABAAEAAAICTAEAOw==\" style=\"--smush-placeholder-width: 44px; --smush-placeholder-aspect-ratio: 44\/23;\" \/><noscript><img decoding=\"async\" class=\"aligncenter lazyload\" data-src=\"https:\/\/paraguaycourier.com\/wp-content\/uploads\/2024\/04\/bandera-china.jpg\" src=\"data:image\/gif;base64,R0lGODlhAQABAAAAACH5BAEKAAEALAAAAAABAAEAAAICTAEAOw==\" style=\"--smush-placeholder-width: 44px; --smush-placeholder-aspect-ratio: 44\/23;\" \/><noscript><img decoding=\"async\" class=\"aligncenter lazyload\" data-src=\"https:\/\/paraguaycourier.com\/wp-content\/uploads\/2024\/04\/bandera-china.jpg\" src=\"data:image\/gif;base64,R0lGODlhAQABAAAAACH5BAEKAAEALAAAAAABAAEAAAICTAEAOw==\" style=\"--smush-placeholder-width: 44px; --smush-placeholder-aspect-ratio: 44\/23;\" \/><noscript><img decoding=\"async\" class=\"aligncenter\" src=\"https:\/\/paraguaycourier.com\/wp-content\/uploads\/2024\/04\/bandera-china.jpg\" \/><\/noscript><\/noscript><\/noscript><\/noscript><br \/>\nGUANZHOU<\/td>\n<td align=\"center\">80<\/td>\n<td style=\"background-color: #fff;\"><span style=\"color: #000;\">150<\/span><\/td>\n<td>90<\/td>\n<td>200<\/td>\n<td>300<\/td>\n<td>400<\/td>\n<\/tr>\n<\/tbody>\n<\/table>\n<\/div>\n<p>&nbsp;<\/p>\n<h4><strong><i class=\"fas fa-boxes\" style=\"solid\"><\/i> Costo por CBM<\/strong><\/h4>\n<p><strong>*Obs.:<\/strong> Mercader\u00edas en la cu\u00e1l el peso volum\u00e9trico es mayor al peso real. Maquinarias no apilables, muebles de gran porte, etc.<\/p>\n<div class=\"table-container\">\n<table id=\"flete-aereo-tabla\" style=\"width: 100%;\">\n<caption>\u00a0<\/caption>\n<thead>\n<tr>\n<th>ORIGEN<\/th>\n<th>M\u00cdNIMO 1 CBM<\/th>\n<th>&lt; 1 CBM<\/th>\n<th>&lt; 2 CBM<\/th>\n<th>&lt; 3 CBM<\/th>\n<th>Gastos Locales<\/th>\n<\/tr>\n<\/thead>\n<tbody>\n<tr align=\"center\">\n<td>\u00a0<img decoding=\"async\" class=\"aligncenter lazyload\" data-src=\"https:\/\/paraguaycourier.com\/wp-content\/uploads\/2024\/04\/bandera-china.jpg\" src=\"data:image\/gif;base64,R0lGODlhAQABAAAAACH5BAEKAAEALAAAAAABAAEAAAICTAEAOw==\" style=\"--smush-placeholder-width: 44px; --smush-placeholder-aspect-ratio: 44\/23;\" \/><noscript><img decoding=\"async\" class=\"aligncenter lazyload\" data-src=\"https:\/\/paraguaycourier.com\/wp-content\/uploads\/2024\/04\/bandera-china.jpg\" src=\"data:image\/gif;base64,R0lGODlhAQABAAAAACH5BAEKAAEALAAAAAABAAEAAAICTAEAOw==\" style=\"--smush-placeholder-width: 44px; --smush-placeholder-aspect-ratio: 44\/23;\" \/><noscript><img decoding=\"async\" class=\"aligncenter lazyload\" data-src=\"https:\/\/paraguaycourier.com\/wp-content\/uploads\/2024\/04\/bandera-china.jpg\" src=\"data:image\/gif;base64,R0lGODlhAQABAAAAACH5BAEKAAEALAAAAAABAAEAAAICTAEAOw==\" style=\"--smush-placeholder-width: 44px; --smush-placeholder-aspect-ratio: 44\/23;\" \/><noscript><img decoding=\"async\" class=\"aligncenter lazyload\" data-src=\"https:\/\/paraguaycourier.com\/wp-content\/uploads\/2024\/04\/bandera-china.jpg\" src=\"data:image\/gif;base64,R0lGODlhAQABAAAAACH5BAEKAAEALAAAAAABAAEAAAICTAEAOw==\" style=\"--smush-placeholder-width: 44px; --smush-placeholder-aspect-ratio: 44\/23;\" \/><noscript><img decoding=\"async\" class=\"aligncenter\" src=\"https:\/\/paraguaycourier.com\/wp-content\/uploads\/2024\/04\/bandera-china.jpg\" \/><\/noscript><\/noscript><\/noscript><\/noscript><br \/>\nSHANGHAI<\/td>\n<td align=\"center\">150<\/td>\n<td>150<\/td>\n<td>245<\/td>\n<td>300<\/td>\n<td>U$D 150 xCBM<\/td>\n<\/tr>\n<tr align=\"center\">\n<td>\u00a0<img decoding=\"async\" class=\"aligncenter lazyload\" data-src=\"https:\/\/paraguaycourier.com\/wp-content\/uploads\/2024\/04\/bandera-china.jpg\" src=\"data:image\/gif;base64,R0lGODlhAQABAAAAACH5BAEKAAEALAAAAAABAAEAAAICTAEAOw==\" style=\"--smush-placeholder-width: 44px; --smush-placeholder-aspect-ratio: 44\/23;\" \/><noscript><img decoding=\"async\" class=\"aligncenter lazyload\" data-src=\"https:\/\/paraguaycourier.com\/wp-content\/uploads\/2024\/04\/bandera-china.jpg\" src=\"data:image\/gif;base64,R0lGODlhAQABAAAAACH5BAEKAAEALAAAAAABAAEAAAICTAEAOw==\" style=\"--smush-placeholder-width: 44px; --smush-placeholder-aspect-ratio: 44\/23;\" \/><noscript><img decoding=\"async\" class=\"aligncenter lazyload\" data-src=\"https:\/\/paraguaycourier.com\/wp-content\/uploads\/2024\/04\/bandera-china.jpg\" src=\"data:image\/gif;base64,R0lGODlhAQABAAAAACH5BAEKAAEALAAAAAABAAEAAAICTAEAOw==\" style=\"--smush-placeholder-width: 44px; --smush-placeholder-aspect-ratio: 44\/23;\" \/><noscript><img decoding=\"async\" class=\"aligncenter lazyload\" data-src=\"https:\/\/paraguaycourier.com\/wp-content\/uploads\/2024\/04\/bandera-china.jpg\" src=\"data:image\/gif;base64,R0lGODlhAQABAAAAACH5BAEKAAEALAAAAAABAAEAAAICTAEAOw==\" style=\"--smush-placeholder-width: 44px; --smush-placeholder-aspect-ratio: 44\/23;\" \/><noscript><img decoding=\"async\" class=\"aligncenter\" src=\"https:\/\/paraguaycourier.com\/wp-content\/uploads\/2024\/04\/bandera-china.jpg\" \/><\/noscript><\/noscript><\/noscript><\/noscript><br \/>\nGUANZHOU<\/td>\n<td align=\"center\">150<\/td>\n<td>150<\/td>\n<td>245<\/td>\n<td>300<\/td>\n<td>U$D 150 xCBM<\/td>\n<\/tr>\n<\/tbody>\n<\/table>\n<\/div>\n<div class=\"card\">\n<div class=\"card-header\"><span class=\"mb-0\"><strong>*Obs.<\/strong><em>En caso que sus productos sean mercader\u00edas que contengan bater\u00edas, o alg\u00fan liquido. Favor confirmar que es un producto aprobado para el transporte mar\u00edtimo consolidado. \u00a0Para cargas especiales consulte al 0972 908644 o al email <a href=\"mailto:comercial@paraguaycourier.com\"><strong>comercial@paraguaycourier.com\u00a0<\/strong><\/a><\/em><\/span><\/div>\n<div class=\"card-header\">\n<div style=\"clear: both;\"><\/div>\n<p>**La carga deber\u00e1\u00a0llegar con <strong><br \/>\n1 NOMBRE + 1 APELLIDO + SU N\u00daMERO DE CASILLA ASIGNADO.<\/strong><\/p>\n<div style=\"float: left; width: 500px;\">\n<h4><strong>EJEMPLO SHANGHAI<\/strong><\/h4>\n<p><strong>Name: <span style=\"color: #dd3333 !important;\">JUAN PEREZ VM12345<\/span><\/strong><br \/>\n<strong>Address Line 1:<\/strong> ECU WORLDWIDE CHINA LTD. The Silvabay Tower 9\/F, 469B WuSong Road<br \/>\n<strong>Address Line 2:<\/strong><br \/>\n<strong>City:<\/strong> Shanghai<br \/>\n<strong>State\/Province\/Region:<\/strong> Shanghai<br \/>\n<strong>Zip Code:<\/strong> 200080<br \/>\n<strong>Country:<\/strong> China<br \/>\n<strong>Phone Number:<\/strong> \u00a0+ 86 21 63643399 ext 6320<\/p>\n<\/div>\n<div>\n<h4><strong>EJEMPLO GUANZHOU<\/strong><\/h4>\n<p><strong>Name: <span style=\"color: #dd3333 !important;\">JUAN PEREZ VM12345<\/span><\/strong><br \/>\n<strong>Address Line 1:<\/strong> 8429 NW 74th Street<br \/>\n<strong>Address Line 2:<\/strong><br \/>\n<strong>City:<\/strong> Miami<br \/>\n<strong>State\/Province\/Region:<\/strong> Florida<br \/>\n<strong>Zip Code:<\/strong> 33166<br \/>\n<strong>Country:<\/strong> United States<br \/>\n<strong>Phone Number:<\/strong> +1 786 690 0324<\/p>\n<\/div>\n<\/div>\n<\/div>\n<div style=\"clear: both;\"><\/div>\n<div><\/div>\n<div class=\"card\">\n<div class=\"card-header\">\n<h4><i class=\"fas fa-clipboard-list\" style=\"solid\"><\/i>\u00a0Obs.:<\/h4>\n<p><em>Las cargas deben ser apilables , no peligrosas, sin liquido o inflamables. En caso de enviar producto no aceptado para el transporte mar\u00edtimo consolidado, El cliente sera notificado para indicar el proceso a seguir.<\/em><\/p>\n<\/div>\n<\/div>\n<div class=\"card\">\n<div class=\"card-header\">\n<h4><i class=\"fas fa-user-shield\" style=\"solid\"><\/i> <strong>Seguro de cargas<\/strong><\/h4>\n<p>El costo del seguro es de 7.5% sobre el valor de la compra.<\/p>\n<p><strong>*Obs.<\/strong> <em>Para solicitar el servicio de seguro debe de enviar un email a <strong><a href=\"mailto:sac@paraguaycourier.com\">sac@paraguaycourier.com<\/a><\/strong> antes de que su paquete llegue a nuestro warehouse, adjuntando el n\u00famero de tracking y una captura de la orden de compra. El seguro s\u00f3lo aplica a los paquetes ingresados a nuestro dep\u00f3sito\/sistema.<\/em><\/p>\n<p>M\u00e9todo de pago, efectivo y transferencia.<\/p>\n<\/div>\n<\/div>\n<p>[\/vc_column_text][vc_separator][\/vc_column][\/vc_row][vc_row][vc_column][vc_wp_text]<\/p>\n<section style=\"padding: 15px 0 !important;\">\n<div class=\"container\">\n<div class=\"row\" align=\"center\">\n<div class=\"col-lg-12 col-md-12 text-center\" align=\"center\">\n<div style=\"width: 100%;\" align=\"center\">\n<div align=\"center\"><\/div>\n<\/div>\n<\/div>\n<\/div>\n<\/div>\n<\/section>\n<p>[\/vc_wp_text][\/vc_column][\/vc_row]<\/p>\n<\/section>","protected":false},"excerpt":{"rendered":"<p>[vc_row container=&#8221;1&#8243;][vc_column][vc_column_text][\/vc_column_text][vc_column_text] Costo por Kg &#8211; Cargas que no superan los 1 CBM *Obs.: Mercader\u00edas en la cu\u00e1l el peso neto no supera el peso volum\u00e9trico. Ropas, accesorios, art\u00edculos para el hogar, carteras, productos no inflamables, bolsones. \u00a0 ORIGEN M\u00cdNIMO 20KGS Gastos Locales &lt; 30 KGS USD 4*KGS &lt; 50 KGS USD 4*KGS &lt; 100 [&hellip;]<\/p>\n","protected":false},"author":1,"featured_media":0,"parent":0,"menu_order":0,"comment_status":"closed","ping_status":"closed","template":"page-templates\/other-page.php","meta":{"_eb_attr":"","ub_ctt_via":"","footnotes":"","_joinchat":[]},"featured_image_src":null,"yoast_head":"<!-- This site is optimized with the Yoast SEO plugin v21.8 - https:\/\/yoast.com\/wordpress\/plugins\/seo\/ -->\n<title>Tarifas Consolidados LCL - Paraguay Courier - El mejor Courier del pa\u00eds :: Compras de Internet con tu casilla gratis en Miami ::<\/title>\n<meta name=\"description\" content=\"Compr\u00e1 en las mejores tiendas de internet con el mejor Courier del pa\u00eds. \u00a1Obten\u00e9 ahora tu casilla gratis en Miami y retir\u00e1 tus compras desde USA!\" \/>\n<meta name=\"robots\" content=\"index, follow, max-snippet:-1, max-image-preview:large, max-video-preview:-1\" \/>\n<link rel=\"canonical\" href=\"https:\/\/paraguaycourier.com\/index.php\/consolidados-lcl\/\" \/>\n<meta property=\"og:locale\" content=\"en_US\" \/>\n<meta property=\"og:type\" content=\"article\" \/>\n<meta property=\"og:title\" content=\"Tarifas Consolidados LCL - Paraguay Courier - El mejor Courier del pa\u00eds :: Compras de Internet con tu casilla gratis en Miami ::\" \/>\n<meta property=\"og:description\" content=\"Compr\u00e1 en las mejores tiendas de internet con el mejor Courier del pa\u00eds. \u00a1Obten\u00e9 ahora tu casilla gratis en Miami y retir\u00e1 tus compras desde USA!\" \/>\n<meta property=\"og:url\" content=\"https:\/\/paraguaycourier.com\/index.php\/consolidados-lcl\/\" \/>\n<meta property=\"og:site_name\" content=\"Paraguay Courier - El mejor Courier del pa\u00eds :: Compras de Internet con tu casilla gratis en Miami ::\" \/>\n<meta property=\"article:publisher\" content=\"https:\/\/www.facebook.com\/ParaguayCourierOficial\" \/>\n<meta property=\"article:modified_time\" content=\"2024-10-08T20:15:41+00:00\" \/>\n<meta property=\"og:image\" content=\"https:\/\/paraguaycourier.com\/wp-content\/uploads\/2024\/09\/carga-consolidada.jpg\" \/>\n<meta name=\"twitter:card\" content=\"summary_large_image\" \/>\n<meta name=\"twitter:label1\" content=\"Est. reading time\" \/>\n\t<meta name=\"twitter:data1\" content=\"3 minutes\" \/>\n<script type=\"application\/ld+json\" class=\"yoast-schema-graph\">{\"@context\":\"https:\/\/schema.org\",\"@graph\":[{\"@type\":\"WebPage\",\"@id\":\"https:\/\/paraguaycourier.com\/index.php\/consolidados-lcl\/\",\"url\":\"https:\/\/paraguaycourier.com\/index.php\/consolidados-lcl\/\",\"name\":\"Tarifas Consolidados LCL - Paraguay Courier - El mejor Courier del pa\u00eds :: Compras de Internet con tu casilla gratis en Miami ::\",\"isPartOf\":{\"@id\":\"https:\/\/paraguaycourier.com\/#website\"},\"datePublished\":\"2024-09-27T17:52:45+00:00\",\"dateModified\":\"2024-10-08T20:15:41+00:00\",\"description\":\"Compr\u00e1 en las mejores tiendas de internet con el mejor Courier del pa\u00eds. \u00a1Obten\u00e9 ahora tu casilla gratis en Miami y retir\u00e1 tus compras desde USA!\",\"breadcrumb\":{\"@id\":\"https:\/\/paraguaycourier.com\/index.php\/consolidados-lcl\/#breadcrumb\"},\"inLanguage\":\"en-US\",\"potentialAction\":[{\"@type\":\"ReadAction\",\"target\":[\"https:\/\/paraguaycourier.com\/index.php\/consolidados-lcl\/\"]}]},{\"@type\":\"BreadcrumbList\",\"@id\":\"https:\/\/paraguaycourier.com\/index.php\/consolidados-lcl\/#breadcrumb\",\"itemListElement\":[{\"@type\":\"ListItem\",\"position\":1,\"name\":\"Home\",\"item\":\"https:\/\/paraguaycourier.com\/\"},{\"@type\":\"ListItem\",\"position\":2,\"name\":\"Tarifas Consolidados LCL\"}]},{\"@type\":\"WebSite\",\"@id\":\"https:\/\/paraguaycourier.com\/#website\",\"url\":\"https:\/\/paraguaycourier.com\/\",\"name\":\"Compra de USA, CHINA y EUROPA con Tu Courier Favorito: Seguro, Confiable y R\u00e1pido con Paraguay Courier\",\"description\":\"Paraguay Courier\",\"publisher\":{\"@id\":\"https:\/\/paraguaycourier.com\/#organization\"},\"potentialAction\":[{\"@type\":\"SearchAction\",\"target\":{\"@type\":\"EntryPoint\",\"urlTemplate\":\"https:\/\/paraguaycourier.com\/?s={search_term_string}\"},\"query-input\":\"required name=search_term_string\"}],\"inLanguage\":\"en-US\"},{\"@type\":\"Organization\",\"@id\":\"https:\/\/paraguaycourier.com\/#organization\",\"name\":\"Paraguay Courier\",\"url\":\"https:\/\/paraguaycourier.com\/\",\"logo\":{\"@type\":\"ImageObject\",\"inLanguage\":\"en-US\",\"@id\":\"https:\/\/paraguaycourier.com\/#\/schema\/logo\/image\/\",\"url\":\"https:\/\/paraguaycourier.com\/wp-content\/uploads\/2023\/08\/LOGO@2x-10.png\",\"contentUrl\":\"https:\/\/paraguaycourier.com\/wp-content\/uploads\/2023\/08\/LOGO@2x-10.png\",\"width\":2160,\"height\":980,\"caption\":\"Paraguay Courier\"},\"image\":{\"@id\":\"https:\/\/paraguaycourier.com\/#\/schema\/logo\/image\/\"},\"sameAs\":[\"https:\/\/www.facebook.com\/ParaguayCourierOficial\",\"https:\/\/www.instagram.com\/paraguaycourier\"]}]}<\/script>\n<!-- \/ Yoast SEO plugin. -->","yoast_head_json":{"title":"Tarifas Consolidados LCL - Paraguay Courier - El mejor Courier del pa\u00eds :: Compras de Internet con tu casilla gratis en Miami ::","description":"Compr\u00e1 en las mejores tiendas de internet con el mejor Courier del pa\u00eds. \u00a1Obten\u00e9 ahora tu casilla gratis en Miami y retir\u00e1 tus compras desde USA!","robots":{"index":"index","follow":"follow","max-snippet":"max-snippet:-1","max-image-preview":"max-image-preview:large","max-video-preview":"max-video-preview:-1"},"canonical":"https:\/\/paraguaycourier.com\/index.php\/consolidados-lcl\/","og_locale":"en_US","og_type":"article","og_title":"Tarifas Consolidados LCL - Paraguay Courier - El mejor Courier del pa\u00eds :: Compras de Internet con tu casilla gratis en Miami ::","og_description":"Compr\u00e1 en las mejores tiendas de internet con el mejor Courier del pa\u00eds. \u00a1Obten\u00e9 ahora tu casilla gratis en Miami y retir\u00e1 tus compras desde USA!","og_url":"https:\/\/paraguaycourier.com\/index.php\/consolidados-lcl\/","og_site_name":"Paraguay Courier - El mejor Courier del pa\u00eds :: Compras de Internet con tu casilla gratis en Miami ::","article_publisher":"https:\/\/www.facebook.com\/ParaguayCourierOficial","article_modified_time":"2024-10-08T20:15:41+00:00","og_image":[{"url":"https:\/\/paraguaycourier.com\/wp-content\/uploads\/2024\/09\/carga-consolidada.jpg"}],"twitter_card":"summary_large_image","twitter_misc":{"Est. reading time":"3 minutes"},"schema":{"@context":"https:\/\/schema.org","@graph":[{"@type":"WebPage","@id":"https:\/\/paraguaycourier.com\/index.php\/consolidados-lcl\/","url":"https:\/\/paraguaycourier.com\/index.php\/consolidados-lcl\/","name":"Tarifas Consolidados LCL - Paraguay Courier - El mejor Courier del pa\u00eds :: Compras de Internet con tu casilla gratis en Miami ::","isPartOf":{"@id":"https:\/\/paraguaycourier.com\/#website"},"datePublished":"2024-09-27T17:52:45+00:00","dateModified":"2024-10-08T20:15:41+00:00","description":"Compr\u00e1 en las mejores tiendas de internet con el mejor Courier del pa\u00eds. \u00a1Obten\u00e9 ahora tu casilla gratis en Miami y retir\u00e1 tus compras desde USA!","breadcrumb":{"@id":"https:\/\/paraguaycourier.com\/index.php\/consolidados-lcl\/#breadcrumb"},"inLanguage":"en-US","potentialAction":[{"@type":"ReadAction","target":["https:\/\/paraguaycourier.com\/index.php\/consolidados-lcl\/"]}]},{"@type":"BreadcrumbList","@id":"https:\/\/paraguaycourier.com\/index.php\/consolidados-lcl\/#breadcrumb","itemListElement":[{"@type":"ListItem","position":1,"name":"Home","item":"https:\/\/paraguaycourier.com\/"},{"@type":"ListItem","position":2,"name":"Tarifas Consolidados LCL"}]},{"@type":"WebSite","@id":"https:\/\/paraguaycourier.com\/#website","url":"https:\/\/paraguaycourier.com\/","name":"Compra de USA, CHINA y EUROPA con Tu Courier Favorito: Seguro, Confiable y R\u00e1pido con Paraguay Courier","description":"Paraguay Courier","publisher":{"@id":"https:\/\/paraguaycourier.com\/#organization"},"potentialAction":[{"@type":"SearchAction","target":{"@type":"EntryPoint","urlTemplate":"https:\/\/paraguaycourier.com\/?s={search_term_string}"},"query-input":"required name=search_term_string"}],"inLanguage":"en-US"},{"@type":"Organization","@id":"https:\/\/paraguaycourier.com\/#organization","name":"Paraguay Courier","url":"https:\/\/paraguaycourier.com\/","logo":{"@type":"ImageObject","inLanguage":"en-US","@id":"https:\/\/paraguaycourier.com\/#\/schema\/logo\/image\/","url":"https:\/\/paraguaycourier.com\/wp-content\/uploads\/2023\/08\/LOGO@2x-10.png","contentUrl":"https:\/\/paraguaycourier.com\/wp-content\/uploads\/2023\/08\/LOGO@2x-10.png","width":2160,"height":980,"caption":"Paraguay Courier"},"image":{"@id":"https:\/\/paraguaycourier.com\/#\/schema\/logo\/image\/"},"sameAs":["https:\/\/www.facebook.com\/ParaguayCourierOficial","https:\/\/www.instagram.com\/paraguaycourier"]}]}},"_links":{"self":[{"href":"https:\/\/paraguaycourier.com\/index.php\/wp-json\/wp\/v2\/pages\/10882"}],"collection":[{"href":"https:\/\/paraguaycourier.com\/index.php\/wp-json\/wp\/v2\/pages"}],"about":[{"href":"https:\/\/paraguaycourier.com\/index.php\/wp-json\/wp\/v2\/types\/page"}],"author":[{"embeddable":true,"href":"https:\/\/paraguaycourier.com\/index.php\/wp-json\/wp\/v2\/users\/1"}],"replies":[{"embeddable":true,"href":"https:\/\/paraguaycourier.com\/index.php\/wp-json\/wp\/v2\/comments?post=10882"}],"version-history":[{"count":27,"href":"https:\/\/paraguaycourier.com\/index.php\/wp-json\/wp\/v2\/pages\/10882\/revisions"}],"predecessor-version":[{"id":11130,"href":"https:\/\/paraguaycourier.com\/index.php\/wp-json\/wp\/v2\/pages\/10882\/revisions\/11130"}],"wp:attachment":[{"href":"https:\/\/paraguaycourier.com\/index.php\/wp-json\/wp\/v2\/media?parent=10882"}],"curies":[{"name":"wp","href":"https:\/\/api.w.org\/{rel}","templated":true}]}}