{"id":10905,"date":"2024-09-27T20:45:58","date_gmt":"2024-09-27T20:45:58","guid":{"rendered":"https:\/\/paraguaycourier.com\/index.php\/tarifas-copy\/"},"modified":"2024-12-04T13:38:43","modified_gmt":"2024-12-04T13:38:43","slug":"tarifas-espana","status":"publish","type":"page","link":"https:\/\/paraguaycourier.com\/index.php\/tarifas-espana\/","title":{"rendered":"Tarifas Espa\u00f1a"},"content":{"rendered":"<section class=\"wpb-content-wrapper\"><p>[vc_row container=&#8221;1&#8243;][vc_column][vc_column_text]<img fetchpriority=\"high\" decoding=\"async\" class=\"aligncenter size-full wp-image-7691\" src=\"https:\/\/paraguaycourier.com\/wp-content\/uploads\/2024\/05\/banner-web-espana.jpg\" alt=\"\" width=\"1200\" height=\"627\" \/>[\/vc_column_text][vc_column_text]<\/p>\n<h4><strong>Ahora pod\u00e9s comprar de Espa\u00f1a! Si no contas con tarjeta de cr\u00e9dito, nosotros compramos por vos. El costo del servicio es 15% de comisi\u00f3n sobre el valor total de la compra.<\/strong><\/h4>\n<div class=\"table-container\">\n<table id=\"flete-aereo-tabla\" style=\"width: 100%;\">\n<caption>\u00a0<\/caption>\n<thead>\n<tr>\n<th>ORIGEN<\/th>\n<th>DESTINO<\/th>\n<th>PRECIO POR KG<\/th>\n<th>EXCESO VOLUMEN<\/th>\n<\/tr>\n<\/thead>\n<tbody>\n<tr>\n<td>ESP<img decoding=\"async\" class=\"aligncenter size-full wp-image-3096 lazyload\" data-src=\"https:\/\/paraguaycourier.com\/wp-content\/uploads\/2024\/05\/es.jpg\" alt=\"\" width=\"44\" height=\"23\" src=\"data:image\/gif;base64,R0lGODlhAQABAAAAACH5BAEKAAEALAAAAAABAAEAAAICTAEAOw==\" style=\"--smush-placeholder-width: 44px; --smush-placeholder-aspect-ratio: 44\/23;\" \/><noscript><img decoding=\"async\" class=\"aligncenter size-full wp-image-3096 lazyload\" data-src=\"https:\/\/paraguaycourier.com\/wp-content\/uploads\/2024\/05\/es.jpg\" alt=\"\" width=\"44\" height=\"23\" src=\"data:image\/gif;base64,R0lGODlhAQABAAAAACH5BAEKAAEALAAAAAABAAEAAAICTAEAOw==\" style=\"--smush-placeholder-width: 44px; --smush-placeholder-aspect-ratio: 44\/23;\" \/><noscript><img decoding=\"async\" class=\"aligncenter size-full wp-image-3096\" src=\"https:\/\/paraguaycourier.com\/wp-content\/uploads\/2024\/05\/es.jpg\" alt=\"\" width=\"44\" height=\"23\" \/><\/noscript><\/noscript><\/td>\n<td>PY\u00a0<img decoding=\"async\" class=\"aligncenter lazyload\" data-src=\"https:\/\/paraguaycourier.com\/wp-content\/uploads\/2023\/02\/icon-paraguay.png\" src=\"data:image\/gif;base64,R0lGODlhAQABAAAAACH5BAEKAAEALAAAAAABAAEAAAICTAEAOw==\" style=\"--smush-placeholder-width: 44px; --smush-placeholder-aspect-ratio: 44\/23;\" \/><noscript><img decoding=\"async\" class=\"aligncenter lazyload\" data-src=\"https:\/\/paraguaycourier.com\/wp-content\/uploads\/2023\/02\/icon-paraguay.png\" src=\"data:image\/gif;base64,R0lGODlhAQABAAAAACH5BAEKAAEALAAAAAABAAEAAAICTAEAOw==\" style=\"--smush-placeholder-width: 44px; --smush-placeholder-aspect-ratio: 44\/23;\" \/><noscript><img decoding=\"async\" class=\"aligncenter\" src=\"https:\/\/paraguaycourier.com\/wp-content\/uploads\/2023\/02\/icon-paraguay.png\" \/><\/noscript><\/noscript><\/td>\n<td style=\"background-color: #dd3333;\"><span style=\"color: #ffffff;\">Asunci\u00f3n 27.00 U$D<\/span><\/td>\n<td>7.00 U$D\/kg<\/td>\n<\/tr>\n<tr>\n<td>ESP<img decoding=\"async\" class=\"aligncenter size-full wp-image-3096 lazyload\" data-src=\"https:\/\/paraguaycourier.com\/wp-content\/uploads\/2024\/05\/es.jpg\" alt=\"\" width=\"44\" height=\"23\" src=\"data:image\/gif;base64,R0lGODlhAQABAAAAACH5BAEKAAEALAAAAAABAAEAAAICTAEAOw==\" style=\"--smush-placeholder-width: 44px; --smush-placeholder-aspect-ratio: 44\/23;\" \/><noscript><img decoding=\"async\" class=\"aligncenter size-full wp-image-3096 lazyload\" data-src=\"https:\/\/paraguaycourier.com\/wp-content\/uploads\/2024\/05\/es.jpg\" alt=\"\" width=\"44\" height=\"23\" src=\"data:image\/gif;base64,R0lGODlhAQABAAAAACH5BAEKAAEALAAAAAABAAEAAAICTAEAOw==\" style=\"--smush-placeholder-width: 44px; --smush-placeholder-aspect-ratio: 44\/23;\" \/><noscript><img decoding=\"async\" class=\"aligncenter size-full wp-image-3096\" src=\"https:\/\/paraguaycourier.com\/wp-content\/uploads\/2024\/05\/es.jpg\" alt=\"\" width=\"44\" height=\"23\" \/><\/noscript><\/noscript><\/td>\n<td>PY\u00a0<img decoding=\"async\" class=\"aligncenter lazyload\" data-src=\"https:\/\/paraguaycourier.com\/wp-content\/uploads\/2023\/02\/icon-paraguay.png\" src=\"data:image\/gif;base64,R0lGODlhAQABAAAAACH5BAEKAAEALAAAAAABAAEAAAICTAEAOw==\" style=\"--smush-placeholder-width: 44px; --smush-placeholder-aspect-ratio: 44\/23;\" \/><noscript><img decoding=\"async\" class=\"aligncenter lazyload\" data-src=\"https:\/\/paraguaycourier.com\/wp-content\/uploads\/2023\/02\/icon-paraguay.png\" src=\"data:image\/gif;base64,R0lGODlhAQABAAAAACH5BAEKAAEALAAAAAABAAEAAAICTAEAOw==\" style=\"--smush-placeholder-width: 44px; --smush-placeholder-aspect-ratio: 44\/23;\" \/><noscript><img decoding=\"async\" class=\"aligncenter\" src=\"https:\/\/paraguaycourier.com\/wp-content\/uploads\/2023\/02\/icon-paraguay.png\" \/><\/noscript><\/noscript><\/td>\n<td style=\"background-color: #fff;\"><span style=\"color: #000;\">Interior 28.00 U$D<\/span><\/td>\n<td>7.00 U$D\/kg<\/td>\n<\/tr>\n<\/tbody>\n<\/table>\n<\/div>\n<p>&nbsp;<\/p>\n<div class=\"card\">\n<div class=\"card-header\"><span class=\"mb-0\"><strong>*Obs.<\/strong> <em>En caso que su paquete pese menos de 200 gramos (Ej. 50 gramos) se le cobrar\u00e1 el m\u00ednimo vigente que es de 200 gramos. \u00a0Para cargas especiales y\/o mayores a 30kg consulte al 0986 404122 o al email <a href=\"mailto:sac@paraguaycourier.com\"><strong>sac@paraguaycourier.com\u00a0<\/strong><\/a><\/em><\/span><\/div>\n<div class=\"card-header\">\n<p>**La carga deber\u00e1\u00a0llegar con <strong> 1 NOMBRE + 1 APELLIDO + SU N\u00daMERO DE CASILLA ASIGNADO.<\/strong><\/p>\n<h4><strong>EJEMPLO<\/strong><\/h4>\n<p><strong>Nombre: <span style=\"color: #dd3333 !important;\">1 nombre + 1 apellido + n\u00b0 de casilla asignado<\/span><\/strong><\/p>\n<p><strong>Direcci\u00f3n:<\/strong> Camino Cabilas 99, La Arboleja <strong>#PAY11999<\/strong><br \/>\n<strong>Pa\u00eds: <\/strong>Espa\u00f1a<br \/>\n<strong>Ciudad: <\/strong>Murcia<br \/>\n<strong>Regi\u00f3n\/: <\/strong>La Arboleja<br \/>\n<strong>C\u00f3digo Postal:<\/strong> 30009<br \/>\n<strong>Tel\u00e9fono:<\/strong>: +595 972 908644<\/p>\n<\/div>\n<\/div>\n<p>[\/vc_column_text][\/vc_column][\/vc_row][vc_row][vc_column][vc_wp_text]<\/p>\n<section style=\"padding: 15px 0 !important;\">\n<div class=\"container\">\n<div class=\"row\" align=\"center\">\n<div class=\"col-lg-12 col-md-12 text-center\" align=\"center\">\n<div style=\"width: 100%;\" align=\"center\">\n<div align=\"center\"><\/div>\n<\/div>\n<\/div>\n<\/div>\n<\/div>\n<\/section>\n<p>[\/vc_wp_text][\/vc_column][\/vc_row]<\/p>\n<\/section>","protected":false},"excerpt":{"rendered":"<p>[vc_row container=&#8221;1&#8243;][vc_column][vc_column_text][\/vc_column_text][vc_column_text] Ahora pod\u00e9s comprar de Espa\u00f1a! Si no contas con tarjeta de cr\u00e9dito, nosotros compramos por vos. El costo del servicio es 15% de comisi\u00f3n sobre el valor total de la compra. \u00a0 ORIGEN DESTINO PRECIO POR KG EXCESO VOLUMEN ESP PY\u00a0 Asunci\u00f3n 27.00 U$D 7.00 U$D\/kg ESP PY\u00a0 Interior 28.00 U$D 7.00 U$D\/kg [&hellip;]<\/p>\n","protected":false},"author":1,"featured_media":0,"parent":0,"menu_order":0,"comment_status":"closed","ping_status":"closed","template":"page-templates\/other-page.php","meta":{"_eb_attr":"","ub_ctt_via":"","footnotes":"","_joinchat":[]},"featured_image_src":null,"yoast_head":"<!-- This site is optimized with the Yoast SEO plugin v21.8 - https:\/\/yoast.com\/wordpress\/plugins\/seo\/ -->\n<title>Tarifas Espa\u00f1a - Paraguay Courier - El mejor Courier del pa\u00eds :: Compras de Internet con tu casilla gratis en Miami ::<\/title>\n<meta name=\"description\" content=\"Compr\u00e1 en las mejores tiendas de internet con el mejor Courier del pa\u00eds. \u00a1Obten\u00e9 ahora tu casilla gratis en Miami y retir\u00e1 tus compras desde USA!\" \/>\n<meta name=\"robots\" content=\"index, follow, max-snippet:-1, max-image-preview:large, max-video-preview:-1\" \/>\n<link rel=\"canonical\" href=\"https:\/\/paraguaycourier.com\/index.php\/tarifas-espana\/\" \/>\n<meta property=\"og:locale\" content=\"en_US\" \/>\n<meta property=\"og:type\" content=\"article\" \/>\n<meta property=\"og:title\" content=\"Tarifas Espa\u00f1a - Paraguay Courier - El mejor Courier del pa\u00eds :: Compras de Internet con tu casilla gratis en Miami ::\" \/>\n<meta property=\"og:description\" content=\"Compr\u00e1 en las mejores tiendas de internet con el mejor Courier del pa\u00eds. \u00a1Obten\u00e9 ahora tu casilla gratis en Miami y retir\u00e1 tus compras desde USA!\" \/>\n<meta property=\"og:url\" content=\"https:\/\/paraguaycourier.com\/index.php\/tarifas-espana\/\" \/>\n<meta property=\"og:site_name\" content=\"Paraguay Courier - El mejor Courier del pa\u00eds :: Compras de Internet con tu casilla gratis en Miami ::\" \/>\n<meta property=\"article:publisher\" content=\"https:\/\/www.facebook.com\/ParaguayCourierOficial\" \/>\n<meta property=\"article:modified_time\" content=\"2024-12-04T13:38:43+00:00\" \/>\n<meta property=\"og:image\" content=\"https:\/\/paraguaycourier.com\/wp-content\/uploads\/2024\/05\/banner-web-espana.jpg\" \/>\n<meta name=\"twitter:card\" content=\"summary_large_image\" \/>\n<meta name=\"twitter:label1\" content=\"Est. reading time\" \/>\n\t<meta name=\"twitter:data1\" content=\"2 minutes\" \/>\n<script type=\"application\/ld+json\" class=\"yoast-schema-graph\">{\"@context\":\"https:\/\/schema.org\",\"@graph\":[{\"@type\":\"WebPage\",\"@id\":\"https:\/\/paraguaycourier.com\/index.php\/tarifas-espana\/\",\"url\":\"https:\/\/paraguaycourier.com\/index.php\/tarifas-espana\/\",\"name\":\"Tarifas Espa\u00f1a - Paraguay Courier - El mejor Courier del pa\u00eds :: Compras de Internet con tu casilla gratis en Miami ::\",\"isPartOf\":{\"@id\":\"https:\/\/paraguaycourier.com\/#website\"},\"datePublished\":\"2024-09-27T20:45:58+00:00\",\"dateModified\":\"2024-12-04T13:38:43+00:00\",\"description\":\"Compr\u00e1 en las mejores tiendas de internet con el mejor Courier del pa\u00eds. \u00a1Obten\u00e9 ahora tu casilla gratis en Miami y retir\u00e1 tus compras desde USA!\",\"breadcrumb\":{\"@id\":\"https:\/\/paraguaycourier.com\/index.php\/tarifas-espana\/#breadcrumb\"},\"inLanguage\":\"en-US\",\"potentialAction\":[{\"@type\":\"ReadAction\",\"target\":[\"https:\/\/paraguaycourier.com\/index.php\/tarifas-espana\/\"]}]},{\"@type\":\"BreadcrumbList\",\"@id\":\"https:\/\/paraguaycourier.com\/index.php\/tarifas-espana\/#breadcrumb\",\"itemListElement\":[{\"@type\":\"ListItem\",\"position\":1,\"name\":\"Home\",\"item\":\"https:\/\/paraguaycourier.com\/\"},{\"@type\":\"ListItem\",\"position\":2,\"name\":\"Tarifas Espa\u00f1a\"}]},{\"@type\":\"WebSite\",\"@id\":\"https:\/\/paraguaycourier.com\/#website\",\"url\":\"https:\/\/paraguaycourier.com\/\",\"name\":\"Compra de USA, CHINA y EUROPA con Tu Courier Favorito: Seguro, Confiable y R\u00e1pido con Paraguay Courier\",\"description\":\"Paraguay Courier\",\"publisher\":{\"@id\":\"https:\/\/paraguaycourier.com\/#organization\"},\"potentialAction\":[{\"@type\":\"SearchAction\",\"target\":{\"@type\":\"EntryPoint\",\"urlTemplate\":\"https:\/\/paraguaycourier.com\/?s={search_term_string}\"},\"query-input\":\"required name=search_term_string\"}],\"inLanguage\":\"en-US\"},{\"@type\":\"Organization\",\"@id\":\"https:\/\/paraguaycourier.com\/#organization\",\"name\":\"Paraguay Courier\",\"url\":\"https:\/\/paraguaycourier.com\/\",\"logo\":{\"@type\":\"ImageObject\",\"inLanguage\":\"en-US\",\"@id\":\"https:\/\/paraguaycourier.com\/#\/schema\/logo\/image\/\",\"url\":\"https:\/\/paraguaycourier.com\/wp-content\/uploads\/2023\/08\/LOGO@2x-10.png\",\"contentUrl\":\"https:\/\/paraguaycourier.com\/wp-content\/uploads\/2023\/08\/LOGO@2x-10.png\",\"width\":2160,\"height\":980,\"caption\":\"Paraguay Courier\"},\"image\":{\"@id\":\"https:\/\/paraguaycourier.com\/#\/schema\/logo\/image\/\"},\"sameAs\":[\"https:\/\/www.facebook.com\/ParaguayCourierOficial\",\"https:\/\/www.instagram.com\/paraguaycourier\"]}]}<\/script>\n<!-- \/ Yoast SEO plugin. -->","yoast_head_json":{"title":"Tarifas Espa\u00f1a - Paraguay Courier - El mejor Courier del pa\u00eds :: Compras de Internet con tu casilla gratis en Miami ::","description":"Compr\u00e1 en las mejores tiendas de internet con el mejor Courier del pa\u00eds. \u00a1Obten\u00e9 ahora tu casilla gratis en Miami y retir\u00e1 tus compras desde USA!","robots":{"index":"index","follow":"follow","max-snippet":"max-snippet:-1","max-image-preview":"max-image-preview:large","max-video-preview":"max-video-preview:-1"},"canonical":"https:\/\/paraguaycourier.com\/index.php\/tarifas-espana\/","og_locale":"en_US","og_type":"article","og_title":"Tarifas Espa\u00f1a - Paraguay Courier - El mejor Courier del pa\u00eds :: Compras de Internet con tu casilla gratis en Miami ::","og_description":"Compr\u00e1 en las mejores tiendas de internet con el mejor Courier del pa\u00eds. \u00a1Obten\u00e9 ahora tu casilla gratis en Miami y retir\u00e1 tus compras desde USA!","og_url":"https:\/\/paraguaycourier.com\/index.php\/tarifas-espana\/","og_site_name":"Paraguay Courier - El mejor Courier del pa\u00eds :: Compras de Internet con tu casilla gratis en Miami ::","article_publisher":"https:\/\/www.facebook.com\/ParaguayCourierOficial","article_modified_time":"2024-12-04T13:38:43+00:00","og_image":[{"url":"https:\/\/paraguaycourier.com\/wp-content\/uploads\/2024\/05\/banner-web-espana.jpg"}],"twitter_card":"summary_large_image","twitter_misc":{"Est. reading time":"2 minutes"},"schema":{"@context":"https:\/\/schema.org","@graph":[{"@type":"WebPage","@id":"https:\/\/paraguaycourier.com\/index.php\/tarifas-espana\/","url":"https:\/\/paraguaycourier.com\/index.php\/tarifas-espana\/","name":"Tarifas Espa\u00f1a - Paraguay Courier - El mejor Courier del pa\u00eds :: Compras de Internet con tu casilla gratis en Miami ::","isPartOf":{"@id":"https:\/\/paraguaycourier.com\/#website"},"datePublished":"2024-09-27T20:45:58+00:00","dateModified":"2024-12-04T13:38:43+00:00","description":"Compr\u00e1 en las mejores tiendas de internet con el mejor Courier del pa\u00eds. \u00a1Obten\u00e9 ahora tu casilla gratis en Miami y retir\u00e1 tus compras desde USA!","breadcrumb":{"@id":"https:\/\/paraguaycourier.com\/index.php\/tarifas-espana\/#breadcrumb"},"inLanguage":"en-US","potentialAction":[{"@type":"ReadAction","target":["https:\/\/paraguaycourier.com\/index.php\/tarifas-espana\/"]}]},{"@type":"BreadcrumbList","@id":"https:\/\/paraguaycourier.com\/index.php\/tarifas-espana\/#breadcrumb","itemListElement":[{"@type":"ListItem","position":1,"name":"Home","item":"https:\/\/paraguaycourier.com\/"},{"@type":"ListItem","position":2,"name":"Tarifas Espa\u00f1a"}]},{"@type":"WebSite","@id":"https:\/\/paraguaycourier.com\/#website","url":"https:\/\/paraguaycourier.com\/","name":"Compra de USA, CHINA y EUROPA con Tu Courier Favorito: Seguro, Confiable y R\u00e1pido con Paraguay Courier","description":"Paraguay Courier","publisher":{"@id":"https:\/\/paraguaycourier.com\/#organization"},"potentialAction":[{"@type":"SearchAction","target":{"@type":"EntryPoint","urlTemplate":"https:\/\/paraguaycourier.com\/?s={search_term_string}"},"query-input":"required name=search_term_string"}],"inLanguage":"en-US"},{"@type":"Organization","@id":"https:\/\/paraguaycourier.com\/#organization","name":"Paraguay Courier","url":"https:\/\/paraguaycourier.com\/","logo":{"@type":"ImageObject","inLanguage":"en-US","@id":"https:\/\/paraguaycourier.com\/#\/schema\/logo\/image\/","url":"https:\/\/paraguaycourier.com\/wp-content\/uploads\/2023\/08\/LOGO@2x-10.png","contentUrl":"https:\/\/paraguaycourier.com\/wp-content\/uploads\/2023\/08\/LOGO@2x-10.png","width":2160,"height":980,"caption":"Paraguay Courier"},"image":{"@id":"https:\/\/paraguaycourier.com\/#\/schema\/logo\/image\/"},"sameAs":["https:\/\/www.facebook.com\/ParaguayCourierOficial","https:\/\/www.instagram.com\/paraguaycourier"]}]}},"_links":{"self":[{"href":"https:\/\/paraguaycourier.com\/index.php\/wp-json\/wp\/v2\/pages\/10905"}],"collection":[{"href":"https:\/\/paraguaycourier.com\/index.php\/wp-json\/wp\/v2\/pages"}],"about":[{"href":"https:\/\/paraguaycourier.com\/index.php\/wp-json\/wp\/v2\/types\/page"}],"author":[{"embeddable":true,"href":"https:\/\/paraguaycourier.com\/index.php\/wp-json\/wp\/v2\/users\/1"}],"replies":[{"embeddable":true,"href":"https:\/\/paraguaycourier.com\/index.php\/wp-json\/wp\/v2\/comments?post=10905"}],"version-history":[{"count":3,"href":"https:\/\/paraguaycourier.com\/index.php\/wp-json\/wp\/v2\/pages\/10905\/revisions"}],"predecessor-version":[{"id":13861,"href":"https:\/\/paraguaycourier.com\/index.php\/wp-json\/wp\/v2\/pages\/10905\/revisions\/13861"}],"wp:attachment":[{"href":"https:\/\/paraguaycourier.com\/index.php\/wp-json\/wp\/v2\/media?parent=10905"}],"curies":[{"name":"wp","href":"https:\/\/api.w.org\/{rel}","templated":true}]}}