{"id":10906,"date":"2024-09-27T20:46:10","date_gmt":"2024-09-27T20:46:10","guid":{"rendered":"https:\/\/paraguaycourier.com\/index.php\/tarifas-copy-2\/"},"modified":"2025-02-12T16:40:05","modified_gmt":"2025-02-12T16:40:05","slug":"tarifas-brasil","status":"publish","type":"page","link":"https:\/\/paraguaycourier.com\/index.php\/tarifas-brasil\/","title":{"rendered":"Tarifas Brasil"},"content":{"rendered":"<section class=\"wpb-content-wrapper\"><p>[vc_row container=&#8221;1&#8243;][vc_column][vc_column_text]<img fetchpriority=\"high\" decoding=\"async\" class=\"aligncenter size-full wp-image-7691\" src=\"https:\/\/paraguaycourier.com\/wp-content\/uploads\/2024\/05\/brasil.jpg\" alt=\"\" width=\"1200\" height=\"627\" srcset=\"https:\/\/paraguaycourier.com\/wp-content\/uploads\/2024\/05\/brasil.jpg 1200w, https:\/\/paraguaycourier.com\/wp-content\/uploads\/2024\/05\/brasil-600x314.jpg 600w, https:\/\/paraguaycourier.com\/wp-content\/uploads\/2024\/05\/brasil-300x157.jpg 300w, https:\/\/paraguaycourier.com\/wp-content\/uploads\/2024\/05\/brasil-1024x535.jpg 1024w, https:\/\/paraguaycourier.com\/wp-content\/uploads\/2024\/05\/brasil-768x401.jpg 768w\" sizes=\"(max-width: 1200px) 100vw, 1200px\" \/>[\/vc_column_text][vc_column_text]<\/p>\n<h4><strong>Ahora pod\u00e9s comprar de Brasil a\u00fan sin contar con CPF! Nosotros compramos por vos. El costo del servicio es 15% de comisi\u00f3n sobre el valor total de la compra.<\/strong><\/h4>\n<div class=\"table-container\">\n<table id=\"flete-aereo-tabla\" style=\"width: 100%;\">\n<caption>\u00a0<\/caption>\n<thead>\n<tr>\n<th>ORIGEN<\/th>\n<th>DESTINO<\/th>\n<th>PRECIO POR KG<\/th>\n<th>EXCESO VOLUMEN<\/th>\n<\/tr>\n<\/thead>\n<tbody>\n<tr>\n<td>BR<img decoding=\"async\" class=\"aligncenter size-full wp-image-3096 lazyload\" data-src=\"https:\/\/paraguaycourier.com\/wp-content\/uploads\/2023\/02\/icon-brasil.png\" alt=\"\" width=\"44\" height=\"23\" src=\"data:image\/gif;base64,R0lGODlhAQABAAAAACH5BAEKAAEALAAAAAABAAEAAAICTAEAOw==\" style=\"--smush-placeholder-width: 44px; --smush-placeholder-aspect-ratio: 44\/23;\" \/><noscript><img decoding=\"async\" class=\"aligncenter size-full wp-image-3096 lazyload\" data-src=\"https:\/\/paraguaycourier.com\/wp-content\/uploads\/2023\/02\/icon-brasil.png\" alt=\"\" width=\"44\" height=\"23\" src=\"data:image\/gif;base64,R0lGODlhAQABAAAAACH5BAEKAAEALAAAAAABAAEAAAICTAEAOw==\" style=\"--smush-placeholder-width: 44px; --smush-placeholder-aspect-ratio: 44\/23;\" \/><noscript><img decoding=\"async\" class=\"aligncenter size-full wp-image-3096\" src=\"https:\/\/paraguaycourier.com\/wp-content\/uploads\/2023\/02\/icon-brasil.png\" alt=\"\" width=\"44\" height=\"23\" \/><\/noscript><\/noscript><\/td>\n<td>PY\u00a0<img decoding=\"async\" class=\"aligncenter lazyload\" data-src=\"https:\/\/paraguaycourier.com\/wp-content\/uploads\/2023\/02\/icon-paraguay.png\" src=\"data:image\/gif;base64,R0lGODlhAQABAAAAACH5BAEKAAEALAAAAAABAAEAAAICTAEAOw==\" style=\"--smush-placeholder-width: 44px; --smush-placeholder-aspect-ratio: 44\/23;\" \/><noscript><img decoding=\"async\" class=\"aligncenter lazyload\" data-src=\"https:\/\/paraguaycourier.com\/wp-content\/uploads\/2023\/02\/icon-paraguay.png\" src=\"data:image\/gif;base64,R0lGODlhAQABAAAAACH5BAEKAAEALAAAAAABAAEAAAICTAEAOw==\" style=\"--smush-placeholder-width: 44px; --smush-placeholder-aspect-ratio: 44\/23;\" \/><noscript><img decoding=\"async\" class=\"aligncenter\" src=\"https:\/\/paraguaycourier.com\/wp-content\/uploads\/2023\/02\/icon-paraguay.png\" \/><\/noscript><\/noscript><\/td>\n<td style=\"background-color: #dd3333;\"><span style=\"color: #ffffff;\">Asunci\u00f3n 15.00 U$D<\/span><\/td>\n<td>7.00 U$D\/kg<\/td>\n<\/tr>\n<tr>\n<td>BR<img decoding=\"async\" class=\"aligncenter size-full wp-image-3096 lazyload\" data-src=\"https:\/\/paraguaycourier.com\/wp-content\/uploads\/2023\/02\/icon-brasil.png\" alt=\"\" width=\"44\" height=\"23\" src=\"data:image\/gif;base64,R0lGODlhAQABAAAAACH5BAEKAAEALAAAAAABAAEAAAICTAEAOw==\" style=\"--smush-placeholder-width: 44px; --smush-placeholder-aspect-ratio: 44\/23;\" \/><noscript><img decoding=\"async\" class=\"aligncenter size-full wp-image-3096 lazyload\" data-src=\"https:\/\/paraguaycourier.com\/wp-content\/uploads\/2023\/02\/icon-brasil.png\" alt=\"\" width=\"44\" height=\"23\" src=\"data:image\/gif;base64,R0lGODlhAQABAAAAACH5BAEKAAEALAAAAAABAAEAAAICTAEAOw==\" style=\"--smush-placeholder-width: 44px; --smush-placeholder-aspect-ratio: 44\/23;\" \/><noscript><img decoding=\"async\" class=\"aligncenter size-full wp-image-3096\" src=\"https:\/\/paraguaycourier.com\/wp-content\/uploads\/2023\/02\/icon-brasil.png\" alt=\"\" width=\"44\" height=\"23\" \/><\/noscript><\/noscript><\/td>\n<td>PY\u00a0<img decoding=\"async\" class=\"aligncenter lazyload\" data-src=\"https:\/\/paraguaycourier.com\/wp-content\/uploads\/2023\/02\/icon-paraguay.png\" src=\"data:image\/gif;base64,R0lGODlhAQABAAAAACH5BAEKAAEALAAAAAABAAEAAAICTAEAOw==\" style=\"--smush-placeholder-width: 44px; --smush-placeholder-aspect-ratio: 44\/23;\" \/><noscript><img decoding=\"async\" class=\"aligncenter lazyload\" data-src=\"https:\/\/paraguaycourier.com\/wp-content\/uploads\/2023\/02\/icon-paraguay.png\" src=\"data:image\/gif;base64,R0lGODlhAQABAAAAACH5BAEKAAEALAAAAAABAAEAAAICTAEAOw==\" style=\"--smush-placeholder-width: 44px; --smush-placeholder-aspect-ratio: 44\/23;\" \/><noscript><img decoding=\"async\" class=\"aligncenter\" src=\"https:\/\/paraguaycourier.com\/wp-content\/uploads\/2023\/02\/icon-paraguay.png\" \/><\/noscript><\/noscript><\/td>\n<td style=\"background-color: #fff;\"><span style=\"color: #000;\">Interior 16.00 U$D<\/span><\/td>\n<td>7.00 U$D\/kg<\/td>\n<\/tr>\n<\/tbody>\n<\/table>\n<\/div>\n<p>&nbsp;<\/p>\n<div class=\"card\">\n<div class=\"card-header\"><span class=\"mb-0\"><strong>*Obs.<\/strong> <em>En caso que su paquete pese menos de 200 gramos (Ej. 50 gramos) se le cobrar\u00e1 el m\u00ednimo vigente que es de 200 gramos. \u00a0Para cargas especiales consulte al 0986 404122 o al email <a href=\"mailto:sac@paraguaycourier.com\"><strong>sac@paraguaycourier.com\u00a0<\/strong><\/a><\/em><\/span><\/div>\n<div class=\"card-header\">\n<p>**La carga deber\u00e1\u00a0llegar con <strong> 1 NOMBRE + 1 APELLIDO + SU N\u00daMERO DE CASILLA ASIGNADO.<\/strong><\/p>\n<h4><strong>EJEMPLO<\/strong><\/h4>\n<p><strong>Nombre: <span style=\"color: #dd3333 !important;\">1 nombre + 1 apellido + n\u00b0 de casilla asignado<\/span><\/strong><br \/>\nRua san andres , casa 5<br \/>\nResidencial Cana\u00e3<br \/>\nBarrio: Vila dos tecnicos<br \/>\nC\u00f3digo postal: Cep 85981-143<br \/>\nGuaira \u2013 PR<br \/>\n+55 44 99105 5208<\/p>\n<\/div>\n<\/div>\n<p>[\/vc_column_text][\/vc_column][\/vc_row][vc_row][\/vc_row][vc_row container=&#8221;1&#8243;][vc_column] \r\n    <section>\r\n  <div class=\"container\">\r\n    <div class=\"row\">\r\n      <div class=\"col-sm-12\">\r\n        <div id=\"accordion\" class=\"accordion style-1\">\r\n                                          <div class=\"card\">\r\n            <div class=\"card-header\">\r\n              <h6 class=\"mb-0\">\r\n              <a data-toggle=\"collapse\" data-parent=\"#accordion\" href=\"#collapse1\">\u00bfCu\u00e1ntos d\u00edas tarda en llegar?<\/a>\r\n              <\/h6>\r\n            <\/div>\r\n            <div id=\"collapse1\" class=\"collapse\" data-parent=\"#accordion\">\r\n              <div class=\"card-body\">El tiempo de tr\u00e1nsito es de 8 a 12 d\u00edas aproximadamente<\/div>\r\n            <\/div>\r\n          <\/div>\r\n                                                      <div class=\"card\">\r\n            <div class=\"card-header\">\r\n              <h6 class=\"mb-0\">\r\n              <a data-toggle=\"collapse\" data-parent=\"#accordion\" href=\"#collapse2\">\u00bfCuantos d\u00edas tardan en procesar los paquetes?<\/a>\r\n              <\/h6>\r\n            <\/div>\r\n            <div id=\"collapse2\" class=\"collapse\" data-parent=\"#accordion\">\r\n              <div class=\"card-body\">El procesamiento de paquetes tiene un tiempo estimado de 24 a 48hs.<\/div>\r\n            <\/div>\r\n          <\/div>\r\n                                                      <div class=\"card\">\r\n            <div class=\"card-header\">\r\n              <h6 class=\"mb-0\">\r\n              <a data-toggle=\"collapse\" data-parent=\"#accordion\" href=\"#collapse3\">\u00bfPuedo realizar compras en Brasil sin CPF?<\/a>\r\n              <\/h6>\r\n            <\/div>\r\n            <div id=\"collapse3\" class=\"collapse\" data-parent=\"#accordion\">\r\n              <div class=\"card-body\">Lastimosamente NO, para cualquier tr\u00e1mite de compra dentro de Brasil es necesario contar con CPF. Podemos realizar la compra por vos, este servicio tiene un costo de 15% de comisi\u00f3n sobre el valor de la compra.<\/div>\r\n            <\/div>\r\n          <\/div>\r\n                                                      <div class=\"card\">\r\n            <div class=\"card-header\">\r\n              <h6 class=\"mb-0\">\r\n              <a data-toggle=\"collapse\" data-parent=\"#accordion\" href=\"#collapse4\">\u00bfQu\u00e9 es un CPF?<\/a>\r\n              <\/h6>\r\n            <\/div>\r\n            <div id=\"collapse4\" class=\"collapse\" data-parent=\"#accordion\">\r\n              <div class=\"card-body\">Es un documento de identificaci\u00f3n fiscal de Brasil, esencial para quienes viven all\u00e1, pero tambi\u00e9n disponible para extranjeros. Por ejemplo, est\u00e1n obligados a tenerlo \u201clas personas residentes en el exterior que poseen en Brasil bienes y derechos sujetos a registro p\u00fablico, inversiones en el mercado financiero, de capitales o para hacer compras Online. dentro del territorio brasile\u00f1o\u201d .<\/div>\r\n            <\/div>\r\n          <\/div>\r\n                                                      <div class=\"card\">\r\n            <div class=\"card-header\">\r\n              <h6 class=\"mb-0\">\r\n              <a data-toggle=\"collapse\" data-parent=\"#accordion\" href=\"#collapse5\">\u00bfPuedo contar con un CPF propio en Paraguay?<\/a>\r\n              <\/h6>\r\n            <\/div>\r\n            <div id=\"collapse5\" class=\"collapse\" data-parent=\"#accordion\">\r\n              <div class=\"card-body\">Puedes solicitarlo de manera sencilla, s\u00f3lo tienes que acercarte personalmente al Consulado de Brasil en la direcci\u00f3n Ruta Mcal. Estigarribia n\u00b0 1856 entre General Aquino y Mayor Fleitas en el horario de 08:00 a 13:30 horas de Lunes a viernes. Tel\u00e9fono: 021 232-000<\/div>\r\n            <\/div>\r\n          <\/div>\r\n                                                      <div class=\"card\">\r\n            <div class=\"card-header\">\r\n              <h6 class=\"mb-0\">\r\n              <a data-toggle=\"collapse\" data-parent=\"#accordion\" href=\"#collapse6\">\u00bfLa solicitud tiene un costo?<\/a>\r\n              <\/h6>\r\n            <\/div>\r\n            <div id=\"collapse6\" class=\"collapse\" data-parent=\"#accordion\">\r\n              <div class=\"card-body\">Es completamente GRATUITA<\/div>\r\n            <\/div>\r\n          <\/div>\r\n                                                      <div class=\"card\">\r\n            <div class=\"card-header\">\r\n              <h6 class=\"mb-0\">\r\n              <a data-toggle=\"collapse\" data-parent=\"#accordion\" href=\"#collapse7\">\u00bfQu\u00e9 documentaciones o requisitos son necesarias para solicitarlo?<\/a>\r\n              <\/h6>\r\n            <\/div>\r\n            <div id=\"collapse7\" class=\"collapse\" data-parent=\"#accordion\">\r\n              <div class=\"card-body\">Necesitas una fotocopia de tu c\u00e9dula de identidad y de tu partida de nacimiento.<\/div>\r\n            <\/div>\r\n          <\/div>\r\n                            <\/div>\r\n      <\/div>\r\n    <\/div>\r\n  <\/div>\r\n<\/section>\r\n\r\n[\/vc_column][\/vc_row][vc_row][vc_column][vc_wp_text]<\/p>\n<section style=\"padding: 15px 0 !important;\">\n<div class=\"container\">\n<div class=\"row\" align=\"center\">\n<div class=\"col-lg-12 col-md-12 text-center\" align=\"center\">\n<div style=\"width: 100%;\" align=\"center\">\n<div align=\"center\"><\/div>\n<\/div>\n<\/div>\n<\/div>\n<\/div>\n<\/section>\n<p>[\/vc_wp_text][\/vc_column][\/vc_row]<\/p>\n<\/section>","protected":false},"excerpt":{"rendered":"<p>[vc_row container=&#8221;1&#8243;][vc_column][vc_column_text][\/vc_column_text][vc_column_text] Ahora pod\u00e9s comprar de Brasil a\u00fan sin contar con CPF! Nosotros compramos por vos. El costo del servicio es 15% de comisi\u00f3n sobre el valor total de la compra. \u00a0 ORIGEN DESTINO PRECIO POR KG EXCESO VOLUMEN BR PY\u00a0 Asunci\u00f3n 15.00 U$D 7.00 U$D\/kg BR PY\u00a0 Interior 16.00 U$D 7.00 U$D\/kg &nbsp; *Obs. [&hellip;]<\/p>\n","protected":false},"author":1,"featured_media":0,"parent":0,"menu_order":0,"comment_status":"closed","ping_status":"closed","template":"page-templates\/other-page.php","meta":{"_eb_attr":"","ub_ctt_via":"","footnotes":"","_joinchat":[]},"featured_image_src":null,"yoast_head":"<!-- This site is optimized with the Yoast SEO plugin v21.8 - https:\/\/yoast.com\/wordpress\/plugins\/seo\/ -->\n<title>Tarifas Brasil - Paraguay Courier - El mejor Courier del pa\u00eds :: Compras de Internet con tu casilla gratis en Miami ::<\/title>\n<meta name=\"description\" content=\"Compr\u00e1 en las mejores tiendas de internet con el mejor Courier del pa\u00eds. \u00a1Obten\u00e9 ahora tu casilla gratis en Miami y retir\u00e1 tus compras desde USA!\" \/>\n<meta name=\"robots\" content=\"index, follow, max-snippet:-1, max-image-preview:large, max-video-preview:-1\" \/>\n<link rel=\"canonical\" href=\"https:\/\/paraguaycourier.com\/index.php\/tarifas-brasil\/\" \/>\n<meta property=\"og:locale\" content=\"en_US\" \/>\n<meta property=\"og:type\" content=\"article\" \/>\n<meta property=\"og:title\" content=\"Tarifas Brasil - Paraguay Courier - El mejor Courier del pa\u00eds :: Compras de Internet con tu casilla gratis en Miami ::\" \/>\n<meta property=\"og:description\" content=\"Compr\u00e1 en las mejores tiendas de internet con el mejor Courier del pa\u00eds. \u00a1Obten\u00e9 ahora tu casilla gratis en Miami y retir\u00e1 tus compras desde USA!\" \/>\n<meta property=\"og:url\" content=\"https:\/\/paraguaycourier.com\/index.php\/tarifas-brasil\/\" \/>\n<meta property=\"og:site_name\" content=\"Paraguay Courier - El mejor Courier del pa\u00eds :: Compras de Internet con tu casilla gratis en Miami ::\" \/>\n<meta property=\"article:publisher\" content=\"https:\/\/www.facebook.com\/ParaguayCourierOficial\" \/>\n<meta property=\"article:modified_time\" content=\"2025-02-12T16:40:05+00:00\" \/>\n<meta property=\"og:image\" content=\"https:\/\/paraguaycourier.com\/wp-content\/uploads\/2024\/05\/brasil.jpg\" \/>\n<meta name=\"twitter:card\" content=\"summary_large_image\" \/>\n<meta name=\"twitter:label1\" content=\"Est. reading time\" \/>\n\t<meta name=\"twitter:data1\" content=\"2 minutes\" \/>\n<script type=\"application\/ld+json\" class=\"yoast-schema-graph\">{\"@context\":\"https:\/\/schema.org\",\"@graph\":[{\"@type\":\"WebPage\",\"@id\":\"https:\/\/paraguaycourier.com\/index.php\/tarifas-brasil\/\",\"url\":\"https:\/\/paraguaycourier.com\/index.php\/tarifas-brasil\/\",\"name\":\"Tarifas Brasil - Paraguay Courier - El mejor Courier del pa\u00eds :: Compras de Internet con tu casilla gratis en Miami ::\",\"isPartOf\":{\"@id\":\"https:\/\/paraguaycourier.com\/#website\"},\"datePublished\":\"2024-09-27T20:46:10+00:00\",\"dateModified\":\"2025-02-12T16:40:05+00:00\",\"description\":\"Compr\u00e1 en las mejores tiendas de internet con el mejor Courier del pa\u00eds. \u00a1Obten\u00e9 ahora tu casilla gratis en Miami y retir\u00e1 tus compras desde USA!\",\"breadcrumb\":{\"@id\":\"https:\/\/paraguaycourier.com\/index.php\/tarifas-brasil\/#breadcrumb\"},\"inLanguage\":\"en-US\",\"potentialAction\":[{\"@type\":\"ReadAction\",\"target\":[\"https:\/\/paraguaycourier.com\/index.php\/tarifas-brasil\/\"]}]},{\"@type\":\"BreadcrumbList\",\"@id\":\"https:\/\/paraguaycourier.com\/index.php\/tarifas-brasil\/#breadcrumb\",\"itemListElement\":[{\"@type\":\"ListItem\",\"position\":1,\"name\":\"Home\",\"item\":\"https:\/\/paraguaycourier.com\/\"},{\"@type\":\"ListItem\",\"position\":2,\"name\":\"Tarifas Brasil\"}]},{\"@type\":\"WebSite\",\"@id\":\"https:\/\/paraguaycourier.com\/#website\",\"url\":\"https:\/\/paraguaycourier.com\/\",\"name\":\"Compra de USA, CHINA y EUROPA con Tu Courier Favorito: Seguro, Confiable y R\u00e1pido con Paraguay Courier\",\"description\":\"Paraguay Courier\",\"publisher\":{\"@id\":\"https:\/\/paraguaycourier.com\/#organization\"},\"potentialAction\":[{\"@type\":\"SearchAction\",\"target\":{\"@type\":\"EntryPoint\",\"urlTemplate\":\"https:\/\/paraguaycourier.com\/?s={search_term_string}\"},\"query-input\":\"required name=search_term_string\"}],\"inLanguage\":\"en-US\"},{\"@type\":\"Organization\",\"@id\":\"https:\/\/paraguaycourier.com\/#organization\",\"name\":\"Paraguay Courier\",\"url\":\"https:\/\/paraguaycourier.com\/\",\"logo\":{\"@type\":\"ImageObject\",\"inLanguage\":\"en-US\",\"@id\":\"https:\/\/paraguaycourier.com\/#\/schema\/logo\/image\/\",\"url\":\"https:\/\/paraguaycourier.com\/wp-content\/uploads\/2023\/08\/LOGO@2x-10.png\",\"contentUrl\":\"https:\/\/paraguaycourier.com\/wp-content\/uploads\/2023\/08\/LOGO@2x-10.png\",\"width\":2160,\"height\":980,\"caption\":\"Paraguay Courier\"},\"image\":{\"@id\":\"https:\/\/paraguaycourier.com\/#\/schema\/logo\/image\/\"},\"sameAs\":[\"https:\/\/www.facebook.com\/ParaguayCourierOficial\",\"https:\/\/www.instagram.com\/paraguaycourier\"]}]}<\/script>\n<!-- \/ Yoast SEO plugin. -->","yoast_head_json":{"title":"Tarifas Brasil - Paraguay Courier - El mejor Courier del pa\u00eds :: Compras de Internet con tu casilla gratis en Miami ::","description":"Compr\u00e1 en las mejores tiendas de internet con el mejor Courier del pa\u00eds. \u00a1Obten\u00e9 ahora tu casilla gratis en Miami y retir\u00e1 tus compras desde USA!","robots":{"index":"index","follow":"follow","max-snippet":"max-snippet:-1","max-image-preview":"max-image-preview:large","max-video-preview":"max-video-preview:-1"},"canonical":"https:\/\/paraguaycourier.com\/index.php\/tarifas-brasil\/","og_locale":"en_US","og_type":"article","og_title":"Tarifas Brasil - Paraguay Courier - El mejor Courier del pa\u00eds :: Compras de Internet con tu casilla gratis en Miami ::","og_description":"Compr\u00e1 en las mejores tiendas de internet con el mejor Courier del pa\u00eds. \u00a1Obten\u00e9 ahora tu casilla gratis en Miami y retir\u00e1 tus compras desde USA!","og_url":"https:\/\/paraguaycourier.com\/index.php\/tarifas-brasil\/","og_site_name":"Paraguay Courier - El mejor Courier del pa\u00eds :: Compras de Internet con tu casilla gratis en Miami ::","article_publisher":"https:\/\/www.facebook.com\/ParaguayCourierOficial","article_modified_time":"2025-02-12T16:40:05+00:00","og_image":[{"url":"https:\/\/paraguaycourier.com\/wp-content\/uploads\/2024\/05\/brasil.jpg"}],"twitter_card":"summary_large_image","twitter_misc":{"Est. reading time":"2 minutes"},"schema":{"@context":"https:\/\/schema.org","@graph":[{"@type":"WebPage","@id":"https:\/\/paraguaycourier.com\/index.php\/tarifas-brasil\/","url":"https:\/\/paraguaycourier.com\/index.php\/tarifas-brasil\/","name":"Tarifas Brasil - Paraguay Courier - El mejor Courier del pa\u00eds :: Compras de Internet con tu casilla gratis en Miami ::","isPartOf":{"@id":"https:\/\/paraguaycourier.com\/#website"},"datePublished":"2024-09-27T20:46:10+00:00","dateModified":"2025-02-12T16:40:05+00:00","description":"Compr\u00e1 en las mejores tiendas de internet con el mejor Courier del pa\u00eds. \u00a1Obten\u00e9 ahora tu casilla gratis en Miami y retir\u00e1 tus compras desde USA!","breadcrumb":{"@id":"https:\/\/paraguaycourier.com\/index.php\/tarifas-brasil\/#breadcrumb"},"inLanguage":"en-US","potentialAction":[{"@type":"ReadAction","target":["https:\/\/paraguaycourier.com\/index.php\/tarifas-brasil\/"]}]},{"@type":"BreadcrumbList","@id":"https:\/\/paraguaycourier.com\/index.php\/tarifas-brasil\/#breadcrumb","itemListElement":[{"@type":"ListItem","position":1,"name":"Home","item":"https:\/\/paraguaycourier.com\/"},{"@type":"ListItem","position":2,"name":"Tarifas Brasil"}]},{"@type":"WebSite","@id":"https:\/\/paraguaycourier.com\/#website","url":"https:\/\/paraguaycourier.com\/","name":"Compra de USA, CHINA y EUROPA con Tu Courier Favorito: Seguro, Confiable y R\u00e1pido con Paraguay Courier","description":"Paraguay Courier","publisher":{"@id":"https:\/\/paraguaycourier.com\/#organization"},"potentialAction":[{"@type":"SearchAction","target":{"@type":"EntryPoint","urlTemplate":"https:\/\/paraguaycourier.com\/?s={search_term_string}"},"query-input":"required name=search_term_string"}],"inLanguage":"en-US"},{"@type":"Organization","@id":"https:\/\/paraguaycourier.com\/#organization","name":"Paraguay Courier","url":"https:\/\/paraguaycourier.com\/","logo":{"@type":"ImageObject","inLanguage":"en-US","@id":"https:\/\/paraguaycourier.com\/#\/schema\/logo\/image\/","url":"https:\/\/paraguaycourier.com\/wp-content\/uploads\/2023\/08\/LOGO@2x-10.png","contentUrl":"https:\/\/paraguaycourier.com\/wp-content\/uploads\/2023\/08\/LOGO@2x-10.png","width":2160,"height":980,"caption":"Paraguay Courier"},"image":{"@id":"https:\/\/paraguaycourier.com\/#\/schema\/logo\/image\/"},"sameAs":["https:\/\/www.facebook.com\/ParaguayCourierOficial","https:\/\/www.instagram.com\/paraguaycourier"]}]}},"_links":{"self":[{"href":"https:\/\/paraguaycourier.com\/index.php\/wp-json\/wp\/v2\/pages\/10906"}],"collection":[{"href":"https:\/\/paraguaycourier.com\/index.php\/wp-json\/wp\/v2\/pages"}],"about":[{"href":"https:\/\/paraguaycourier.com\/index.php\/wp-json\/wp\/v2\/types\/page"}],"author":[{"embeddable":true,"href":"https:\/\/paraguaycourier.com\/index.php\/wp-json\/wp\/v2\/users\/1"}],"replies":[{"embeddable":true,"href":"https:\/\/paraguaycourier.com\/index.php\/wp-json\/wp\/v2\/comments?post=10906"}],"version-history":[{"count":4,"href":"https:\/\/paraguaycourier.com\/index.php\/wp-json\/wp\/v2\/pages\/10906\/revisions"}],"predecessor-version":[{"id":14210,"href":"https:\/\/paraguaycourier.com\/index.php\/wp-json\/wp\/v2\/pages\/10906\/revisions\/14210"}],"wp:attachment":[{"href":"https:\/\/paraguaycourier.com\/index.php\/wp-json\/wp\/v2\/media?parent=10906"}],"curies":[{"name":"wp","href":"https:\/\/api.w.org\/{rel}","templated":true}]}}