{"id":46,"date":"2019-01-02T11:05:39","date_gmt":"2019-01-02T11:05:39","guid":{"rendered":"http:\/\/sttheme.com\/demosd\/loptus1\/?page_id=46"},"modified":"2021-11-04T16:11:29","modified_gmt":"2021-11-04T16:11:29","slug":"blog-novedades","status":"publish","type":"page","link":"https:\/\/paraguaycourier.com\/index.php\/blog-novedades\/","title":{"rendered":"Blog"},"content":{"rendered":"<section class=\"wpb-content-wrapper\"><p>[vc_row][vc_column][vc_column_text]<\/p>\n<h3><strong>De experiencias y tiendas<\/strong><\/h3>\n<p>Aventurarse a comprar por Internet puede resultar siendo totalmente una experiencia interesante para muchos, las posibilidades que nos ofrece el mercado y m\u00e1s a\u00fan el mercado digital resultan infinitas a medida que navegamos los contenidos de las p\u00e1ginas. A veces ya tenemos una idea fija de qu\u00e9 producto nos interesa adquirir y otras veces, solo por curiosidad terminamos mirando cosas que aunque no sab\u00edamos, captan nuestra atenci\u00f3n.<\/p>\n<p>Es f\u00e1cil googlear nuestro producto para hacernos una idea del precio, especificaciones, detalles que tal vez no sab\u00edamos, pero qu\u00e9 pasa si no est\u00e1 disponible en el pa\u00eds, o nos resulta m\u00e1s econ\u00f3mico que comprarlo en una tienda local o por qu\u00e9 no, poseer algo \u00fanico y novedoso que a\u00fan no llega hacia donde estamos. Saber d\u00f3nde buscar, saber d\u00f3nde podremos encontrarlo, y lo m\u00e1s importante, saber que puede llegar a nuestras manos juegan un papel importante.<\/p>\n<p>Si hablamos de compras en l\u00ednea probablemente salten a nuestra cabeza p\u00e1ginas web que hemos escuchado a lo largo de nuestro recorrido por Internet, que tal vez nos hayamos o no animado a explorar.<\/p>\n<p>&nbsp;<\/p>\n<h3><strong>Entonces \u00bfd\u00f3nde\u00a0<\/strong><strong>puedo empezar a comprar?<\/strong><\/h3>\n<p>&nbsp;<\/p>\n<p>\u201cDe todo un poco\u201d ser\u00eda una clasificaci\u00f3n precisa para estos sitios, donde miles de vendedores de todo el mundo se agrupan en una gran tienda para ofrecernos sus productos:<\/p>\n<h4><strong>Tiendas tecnol\u00f3gicas<\/strong><\/h4>\n<p>Como la tecnolog\u00eda est\u00e1 estrechamente ligada con nuestro d\u00eda a d\u00eda, hay tiendas en l\u00ednea exclusivas para obtener las \u00faltimas novedades o porque no, nuestros favoritos, en art\u00edculos electr\u00f3nicos<\/p>\n<h4><strong>Tiendas de ropa<\/strong><\/h4>\n<p>Otro indispensable, las ropas y accesorios, ya sea que sigamos lo que dicta la moda o estemos buscando lo que nos caracteriza, varias marcas poseen sus tiendas exclusivas ofreciendo las colecciones de temporada<\/p>\n<p>&nbsp;<\/p>\n<div id=\"post-8050\" class=\"single_post_body post-8050 post type-post status-publish format-image has-post-thumbnail hentry category-uncategorized tag-aeropostale tag-aliexpress tag-amazon tag-bestbuy tag-casilla-en-miami tag-casilla-gratis-en-miami tag-comprar-de-aliexpress tag-comprar-de-amazon tag-comprar-de-china-en-paraguay tag-comprar-de-ebay tag-comprar-de-usa tag-compras tag-compras-china-paraguay tag-compras-de-internet tag-courier-paraguay tag-donde-comprar tag-ebay-newegg tag-lista-de-tiendas-de-internet tag-moda tag-paraguay tag-tecnologia tag-tiendas-online post_format-post-format-image\">\n<div class=\"post_body_con\">\n<div class=\"blog_grid_con entry-content\">\n<p>Las opciones son infinitas e ilimitadas para todos los gustos: videojuegos, coleccionables, zapatos, libros, muebles, deportes\u2026 \u00bfCu\u00e1l es tu categor\u00eda favorita?<\/p>\n<p>Pod\u00e9s ver una lista m\u00e1s completa\u00a0<a href=\"https:\/\/paraguaycourier.com\/web\/tiendas\/\">aqu\u00ed<\/a><\/p>\n<\/div>\n<\/div>\n<\/div>\n<div class=\"single_post_row\"><\/div>\n<p>[\/vc_column_text][\/vc_column][\/vc_row]<\/p>\n<\/section>","protected":false},"excerpt":{"rendered":"<p>[vc_row][vc_column][vc_column_text] De experiencias y tiendas Aventurarse a comprar por Internet puede resultar siendo totalmente una experiencia interesante para muchos, las posibilidades que nos ofrece el mercado y m\u00e1s a\u00fan el mercado digital resultan infinitas a medida que navegamos los contenidos de las p\u00e1ginas. A veces ya tenemos una idea fija de qu\u00e9 producto nos interesa [&hellip;]<\/p>\n","protected":false},"author":1,"featured_media":0,"parent":0,"menu_order":0,"comment_status":"closed","ping_status":"closed","template":"page-templates\/template-home.php","meta":{"_eb_attr":"","ub_ctt_via":"","footnotes":"","_joinchat":[]},"featured_image_src":null,"yoast_head":"<!-- This site is optimized with the Yoast SEO plugin v21.8 - https:\/\/yoast.com\/wordpress\/plugins\/seo\/ -->\n<title>Blog - Paraguay Courier - El mejor Courier del pa\u00eds :: Compras de Internet con tu casilla gratis en Miami ::<\/title>\n<meta name=\"description\" content=\"Compr\u00e1 en las mejores tiendas de internet con el mejor Courier del pa\u00eds. \u00a1Obten\u00e9 ahora tu casilla gratis en Miami y retir\u00e1 tus compras desde USA!\" \/>\n<meta name=\"robots\" content=\"index, follow, max-snippet:-1, max-image-preview:large, max-video-preview:-1\" \/>\n<link rel=\"canonical\" href=\"https:\/\/paraguaycourier.com\/index.php\/blog-novedades\/\" \/>\n<meta property=\"og:locale\" content=\"en_US\" \/>\n<meta property=\"og:type\" content=\"article\" \/>\n<meta property=\"og:title\" content=\"Blog - Paraguay Courier - El mejor Courier del pa\u00eds :: Compras de Internet con tu casilla gratis en Miami ::\" \/>\n<meta property=\"og:description\" content=\"Compr\u00e1 en las mejores tiendas de internet con el mejor Courier del pa\u00eds. \u00a1Obten\u00e9 ahora tu casilla gratis en Miami y retir\u00e1 tus compras desde USA!\" \/>\n<meta property=\"og:url\" content=\"https:\/\/paraguaycourier.com\/index.php\/blog-novedades\/\" \/>\n<meta property=\"og:site_name\" content=\"Paraguay Courier - El mejor Courier del pa\u00eds :: Compras de Internet con tu casilla gratis en Miami ::\" \/>\n<meta property=\"article:publisher\" content=\"https:\/\/www.facebook.com\/ParaguayCourierOficial\" \/>\n<meta property=\"article:modified_time\" content=\"2021-11-04T16:11:29+00:00\" \/>\n<meta property=\"og:image\" content=\"https:\/\/paraguaycourier.com\/wp-content\/uploads\/2023\/06\/banner-usa-home2-2.jpg\" \/>\n\t<meta property=\"og:image:width\" content=\"1920\" \/>\n\t<meta property=\"og:image:height\" content=\"740\" \/>\n\t<meta property=\"og:image:type\" content=\"image\/jpeg\" \/>\n<meta name=\"twitter:card\" content=\"summary_large_image\" \/>\n<meta name=\"twitter:label1\" content=\"Est. reading time\" \/>\n\t<meta name=\"twitter:data1\" content=\"2 minutes\" \/>\n<script type=\"application\/ld+json\" class=\"yoast-schema-graph\">{\"@context\":\"https:\/\/schema.org\",\"@graph\":[{\"@type\":\"WebPage\",\"@id\":\"https:\/\/paraguaycourier.com\/index.php\/blog-novedades\/\",\"url\":\"https:\/\/paraguaycourier.com\/index.php\/blog-novedades\/\",\"name\":\"Blog - Paraguay Courier - El mejor Courier del pa\u00eds :: Compras de Internet con tu casilla gratis en Miami ::\",\"isPartOf\":{\"@id\":\"https:\/\/paraguaycourier.com\/#website\"},\"datePublished\":\"2019-01-02T11:05:39+00:00\",\"dateModified\":\"2021-11-04T16:11:29+00:00\",\"description\":\"Compr\u00e1 en las mejores tiendas de internet con el mejor Courier del pa\u00eds. \u00a1Obten\u00e9 ahora tu casilla gratis en Miami y retir\u00e1 tus compras desde USA!\",\"breadcrumb\":{\"@id\":\"https:\/\/paraguaycourier.com\/index.php\/blog-novedades\/#breadcrumb\"},\"inLanguage\":\"en-US\",\"potentialAction\":[{\"@type\":\"ReadAction\",\"target\":[\"https:\/\/paraguaycourier.com\/index.php\/blog-novedades\/\"]}]},{\"@type\":\"BreadcrumbList\",\"@id\":\"https:\/\/paraguaycourier.com\/index.php\/blog-novedades\/#breadcrumb\",\"itemListElement\":[{\"@type\":\"ListItem\",\"position\":1,\"name\":\"Home\",\"item\":\"https:\/\/paraguaycourier.com\/\"},{\"@type\":\"ListItem\",\"position\":2,\"name\":\"Blog\"}]},{\"@type\":\"WebSite\",\"@id\":\"https:\/\/paraguaycourier.com\/#website\",\"url\":\"https:\/\/paraguaycourier.com\/\",\"name\":\"Compra de USA, CHINA y EUROPA con Tu Courier Favorito: Seguro, Confiable y R\u00e1pido con Paraguay Courier\",\"description\":\"Paraguay Courier\",\"publisher\":{\"@id\":\"https:\/\/paraguaycourier.com\/#organization\"},\"potentialAction\":[{\"@type\":\"SearchAction\",\"target\":{\"@type\":\"EntryPoint\",\"urlTemplate\":\"https:\/\/paraguaycourier.com\/?s={search_term_string}\"},\"query-input\":\"required name=search_term_string\"}],\"inLanguage\":\"en-US\"},{\"@type\":\"Organization\",\"@id\":\"https:\/\/paraguaycourier.com\/#organization\",\"name\":\"Paraguay Courier\",\"url\":\"https:\/\/paraguaycourier.com\/\",\"logo\":{\"@type\":\"ImageObject\",\"inLanguage\":\"en-US\",\"@id\":\"https:\/\/paraguaycourier.com\/#\/schema\/logo\/image\/\",\"url\":\"https:\/\/paraguaycourier.com\/wp-content\/uploads\/2023\/08\/LOGO@2x-10.png\",\"contentUrl\":\"https:\/\/paraguaycourier.com\/wp-content\/uploads\/2023\/08\/LOGO@2x-10.png\",\"width\":2160,\"height\":980,\"caption\":\"Paraguay Courier\"},\"image\":{\"@id\":\"https:\/\/paraguaycourier.com\/#\/schema\/logo\/image\/\"},\"sameAs\":[\"https:\/\/www.facebook.com\/ParaguayCourierOficial\",\"https:\/\/www.instagram.com\/paraguaycourier\"]}]}<\/script>\n<!-- \/ Yoast SEO plugin. -->","yoast_head_json":{"title":"Blog - Paraguay Courier - El mejor Courier del pa\u00eds :: Compras de Internet con tu casilla gratis en Miami ::","description":"Compr\u00e1 en las mejores tiendas de internet con el mejor Courier del pa\u00eds. \u00a1Obten\u00e9 ahora tu casilla gratis en Miami y retir\u00e1 tus compras desde USA!","robots":{"index":"index","follow":"follow","max-snippet":"max-snippet:-1","max-image-preview":"max-image-preview:large","max-video-preview":"max-video-preview:-1"},"canonical":"https:\/\/paraguaycourier.com\/index.php\/blog-novedades\/","og_locale":"en_US","og_type":"article","og_title":"Blog - Paraguay Courier - El mejor Courier del pa\u00eds :: Compras de Internet con tu casilla gratis en Miami ::","og_description":"Compr\u00e1 en las mejores tiendas de internet con el mejor Courier del pa\u00eds. \u00a1Obten\u00e9 ahora tu casilla gratis en Miami y retir\u00e1 tus compras desde USA!","og_url":"https:\/\/paraguaycourier.com\/index.php\/blog-novedades\/","og_site_name":"Paraguay Courier - El mejor Courier del pa\u00eds :: Compras de Internet con tu casilla gratis en Miami ::","article_publisher":"https:\/\/www.facebook.com\/ParaguayCourierOficial","article_modified_time":"2021-11-04T16:11:29+00:00","og_image":[{"width":1920,"height":740,"url":"https:\/\/paraguaycourier.com\/wp-content\/uploads\/2023\/06\/banner-usa-home2-2.jpg","type":"image\/jpeg"}],"twitter_card":"summary_large_image","twitter_misc":{"Est. reading time":"2 minutes"},"schema":{"@context":"https:\/\/schema.org","@graph":[{"@type":"WebPage","@id":"https:\/\/paraguaycourier.com\/index.php\/blog-novedades\/","url":"https:\/\/paraguaycourier.com\/index.php\/blog-novedades\/","name":"Blog - Paraguay Courier - El mejor Courier del pa\u00eds :: Compras de Internet con tu casilla gratis en Miami ::","isPartOf":{"@id":"https:\/\/paraguaycourier.com\/#website"},"datePublished":"2019-01-02T11:05:39+00:00","dateModified":"2021-11-04T16:11:29+00:00","description":"Compr\u00e1 en las mejores tiendas de internet con el mejor Courier del pa\u00eds. \u00a1Obten\u00e9 ahora tu casilla gratis en Miami y retir\u00e1 tus compras desde USA!","breadcrumb":{"@id":"https:\/\/paraguaycourier.com\/index.php\/blog-novedades\/#breadcrumb"},"inLanguage":"en-US","potentialAction":[{"@type":"ReadAction","target":["https:\/\/paraguaycourier.com\/index.php\/blog-novedades\/"]}]},{"@type":"BreadcrumbList","@id":"https:\/\/paraguaycourier.com\/index.php\/blog-novedades\/#breadcrumb","itemListElement":[{"@type":"ListItem","position":1,"name":"Home","item":"https:\/\/paraguaycourier.com\/"},{"@type":"ListItem","position":2,"name":"Blog"}]},{"@type":"WebSite","@id":"https:\/\/paraguaycourier.com\/#website","url":"https:\/\/paraguaycourier.com\/","name":"Compra de USA, CHINA y EUROPA con Tu Courier Favorito: Seguro, Confiable y R\u00e1pido con Paraguay Courier","description":"Paraguay Courier","publisher":{"@id":"https:\/\/paraguaycourier.com\/#organization"},"potentialAction":[{"@type":"SearchAction","target":{"@type":"EntryPoint","urlTemplate":"https:\/\/paraguaycourier.com\/?s={search_term_string}"},"query-input":"required name=search_term_string"}],"inLanguage":"en-US"},{"@type":"Organization","@id":"https:\/\/paraguaycourier.com\/#organization","name":"Paraguay Courier","url":"https:\/\/paraguaycourier.com\/","logo":{"@type":"ImageObject","inLanguage":"en-US","@id":"https:\/\/paraguaycourier.com\/#\/schema\/logo\/image\/","url":"https:\/\/paraguaycourier.com\/wp-content\/uploads\/2023\/08\/LOGO@2x-10.png","contentUrl":"https:\/\/paraguaycourier.com\/wp-content\/uploads\/2023\/08\/LOGO@2x-10.png","width":2160,"height":980,"caption":"Paraguay Courier"},"image":{"@id":"https:\/\/paraguaycourier.com\/#\/schema\/logo\/image\/"},"sameAs":["https:\/\/www.facebook.com\/ParaguayCourierOficial","https:\/\/www.instagram.com\/paraguaycourier"]}]}},"_links":{"self":[{"href":"https:\/\/paraguaycourier.com\/index.php\/wp-json\/wp\/v2\/pages\/46"}],"collection":[{"href":"https:\/\/paraguaycourier.com\/index.php\/wp-json\/wp\/v2\/pages"}],"about":[{"href":"https:\/\/paraguaycourier.com\/index.php\/wp-json\/wp\/v2\/types\/page"}],"author":[{"embeddable":true,"href":"https:\/\/paraguaycourier.com\/index.php\/wp-json\/wp\/v2\/users\/1"}],"replies":[{"embeddable":true,"href":"https:\/\/paraguaycourier.com\/index.php\/wp-json\/wp\/v2\/comments?post=46"}],"version-history":[{"count":3,"href":"https:\/\/paraguaycourier.com\/index.php\/wp-json\/wp\/v2\/pages\/46\/revisions"}],"predecessor-version":[{"id":1057,"href":"https:\/\/paraguaycourier.com\/index.php\/wp-json\/wp\/v2\/pages\/46\/revisions\/1057"}],"wp:attachment":[{"href":"https:\/\/paraguaycourier.com\/index.php\/wp-json\/wp\/v2\/media?parent=46"}],"curies":[{"name":"wp","href":"https:\/\/api.w.org\/{rel}","templated":true}]}}