{"id":60,"date":"2019-01-02T15:50:14","date_gmt":"2019-01-02T15:50:14","guid":{"rendered":"http:\/\/sttheme.com\/demosd\/loptus1\/?page_id=60"},"modified":"2025-03-28T13:27:16","modified_gmt":"2025-03-28T13:27:16","slug":"sobre-nosotros","status":"publish","type":"page","link":"https:\/\/paraguaycourier.com\/index.php\/sobre-nosotros\/","title":{"rendered":"Sobre nosotros"},"content":{"rendered":"<section class=\"wpb-content-wrapper\"><p>[vc_row][vc_column] \r\n    <section class=\"grey-bg\">\r\n  <div class=\"container\">\r\n    <div class=\"row align-items-center\">\r\n      <div class=\"col-lg-6 col-md-12 order-lg-12\">\r\n        <div class=\"row\">\r\n          <div class=\"col-md-6\">\r\n            <div class=\"image-block\">\r\n              <img class=\"img-fluid box-shadow radius w-100 lazyload\" data-src=\"https:\/\/paraguaycourier.com\/wp-content\/uploads\/2020\/02\/537-scaled.jpg\" alt=\"Image\" src=\"data:image\/gif;base64,R0lGODlhAQABAAAAACH5BAEKAAEALAAAAAABAAEAAAICTAEAOw==\" style=\"--smush-placeholder-width: 2560px; --smush-placeholder-aspect-ratio: 2560\/1707;\"><noscript><img class=\"img-fluid box-shadow radius w-100\" src=\"https:\/\/paraguaycourier.com\/wp-content\/uploads\/2020\/02\/537-scaled.jpg\" alt=\"Image\"><\/noscript>\r\n            <\/div>\r\n          <\/div>\r\n          <div class=\"col-md-6 mt-4\">\r\n            <div class=\"image-block\">\r\n              <img class=\"img-fluid box-shadow radius w-100 lazyload\" data-src=\"https:\/\/paraguaycourier.com\/wp-content\/uploads\/2020\/02\/8-scaled.jpg\" alt=\"Image\" src=\"data:image\/gif;base64,R0lGODlhAQABAAAAACH5BAEKAAEALAAAAAABAAEAAAICTAEAOw==\" style=\"--smush-placeholder-width: 2560px; --smush-placeholder-aspect-ratio: 2560\/1707;\"><noscript><img class=\"img-fluid box-shadow radius w-100\" src=\"https:\/\/paraguaycourier.com\/wp-content\/uploads\/2020\/02\/8-scaled.jpg\" alt=\"Image\"><\/noscript>\r\n            <\/div>\r\n          <\/div>\r\n          <div class=\"col-md-6 sm-mt-3\">\r\n            <div class=\"image-block\">\r\n              <img class=\"img-fluid box-shadow radius w-100 lazyload\" data-src=\"https:\/\/paraguaycourier.com\/wp-content\/uploads\/2022\/06\/pyc-central.png\" alt=\"Image\" src=\"data:image\/gif;base64,R0lGODlhAQABAAAAACH5BAEKAAEALAAAAAABAAEAAAICTAEAOw==\" style=\"--smush-placeholder-width: 900px; --smush-placeholder-aspect-ratio: 900\/675;\"><noscript><img class=\"img-fluid box-shadow radius w-100\" src=\"https:\/\/paraguaycourier.com\/wp-content\/uploads\/2022\/06\/pyc-central.png\" alt=\"Image\"><\/noscript>\r\n            <\/div>\r\n          <\/div>\r\n          <div class=\"col-md-6 mt-4\">\r\n            <div class=\"image-block\">\r\n              <img class=\"img-fluid box-shadow radius w-100 lazyload\" data-src=\"https:\/\/paraguaycourier.com\/wp-content\/uploads\/2021\/01\/AdobeStock_307752440_Editorial_Use_Only-scaled.jpeg\" alt=\"Image\" src=\"data:image\/gif;base64,R0lGODlhAQABAAAAACH5BAEKAAEALAAAAAABAAEAAAICTAEAOw==\" style=\"--smush-placeholder-width: 2560px; --smush-placeholder-aspect-ratio: 2560\/1707;\"><noscript><img class=\"img-fluid box-shadow radius w-100\" src=\"https:\/\/paraguaycourier.com\/wp-content\/uploads\/2021\/01\/AdobeStock_307752440_Editorial_Use_Only-scaled.jpeg\" alt=\"Image\"><\/noscript>\r\n            <\/div>\r\n          <\/div>\r\n        <\/div>\r\n      <\/div>\r\n      <div class=\"col-lg-6 col-md-12 md-mt-5 order-lg-1\">\r\n        <div class=\"section-title mb-3\">\r\n          <h6>Sobre nosotros<\/h6>\r\n          <h2><\/h2>\r\n        <\/div>\r\n        <p class=\"text-black\">Somos una empresa joven dedicada al servicio de flete a\u00e9reo y mar\u00edtimo que te permite comprar en los Estados Unidos y cualquier parte del mundo con una casilla de correo o direcci\u00f3n postal f\u00edsica en Miami a precios accesibles y de manera r\u00e1pida y segura.<br \/>\nContamos con 10 a\u00f1os de experiencia en el mercado y miles de clientes satisfechos alrededor de todo el pa\u00eds, siempre buscando brindar la mejor atenci\u00f3n e ir expandi\u00e9ndonos para llegar a m\u00e1s puntos con nuestro servicio.<\/p>\n<p>Paraguay Courier te ofrece la posibilidad de comprar en infinidad de tiendas en el mundo y recibir tus productos directamente en tus manos. Todo lo que quieras traer es ahora posible con nuestra ayuda.<\/p>\r\n        <ul class=\"custom-li list-unstyled list-icon-2 my-3 d-inline-block\">\r\n                  <\/ul> <a class=\"btn btn-theme\" href=\"\"><span><\/span><\/a>\r\n      <\/div>      \r\n    <\/div>\r\n  <\/div>\r\n<\/section>\r\n\r\n[\/vc_column][\/vc_row][vc_row][vc_column] \r\n    <section>\r\n  <div class=\"container\">\r\n    <div class=\"row\">\r\n          <div class=\"col-lg-3 col-md-3 col-sm-6\">\r\n        <div class=\"counter style-2\">\r\n          <img class=\"img-center lazyload\" data-src=\"https:\/\/paraguaycourier.com\/wp-content\/uploads\/2019\/03\/01-9.png\" alt=\"Image\" src=\"data:image\/gif;base64,R0lGODlhAQABAAAAACH5BAEKAAEALAAAAAABAAEAAAICTAEAOw==\" style=\"--smush-placeholder-width: 100px; --smush-placeholder-aspect-ratio: 100\/100;\"><noscript><img class=\"img-center\" src=\"https:\/\/paraguaycourier.com\/wp-content\/uploads\/2019\/03\/01-9.png\" alt=\"Image\"><\/noscript> <span class=\"count-number\" data-to=\"50000\" data-speed=\"10000\">50000<\/span>\r\n          <h5>Clientes satisfechos<\/h5>\r\n        <\/div>\r\n      <\/div>\r\n            <div class=\"col-lg-3 col-md-3 col-sm-6\">\r\n        <div class=\"counter style-2\">\r\n          <img class=\"img-center lazyload\" data-src=\"https:\/\/paraguaycourier.com\/wp-content\/uploads\/2019\/03\/02-10.png\" alt=\"Image\" src=\"data:image\/gif;base64,R0lGODlhAQABAAAAACH5BAEKAAEALAAAAAABAAEAAAICTAEAOw==\" style=\"--smush-placeholder-width: 100px; --smush-placeholder-aspect-ratio: 100\/100;\"><noscript><img class=\"img-center\" src=\"https:\/\/paraguaycourier.com\/wp-content\/uploads\/2019\/03\/02-10.png\" alt=\"Image\"><\/noscript> <span class=\"count-number\" data-to=\"1795846\" data-speed=\"10000\">1795846<\/span>\r\n          <h5>Paquetes entregados<\/h5>\r\n        <\/div>\r\n      <\/div>\r\n            <div class=\"col-lg-3 col-md-3 col-sm-6\">\r\n        <div class=\"counter style-2\">\r\n          <img class=\"img-center lazyload\" data-src=\"https:\/\/paraguaycourier.com\/wp-content\/uploads\/2019\/03\/03-7.png\" alt=\"Image\" src=\"data:image\/gif;base64,R0lGODlhAQABAAAAACH5BAEKAAEALAAAAAABAAEAAAICTAEAOw==\" style=\"--smush-placeholder-width: 100px; --smush-placeholder-aspect-ratio: 100\/100;\"><noscript><img class=\"img-center\" src=\"https:\/\/paraguaycourier.com\/wp-content\/uploads\/2019\/03\/03-7.png\" alt=\"Image\"><\/noscript> <span class=\"count-number\" data-to=\"17\" data-speed=\"10000\">17<\/span>\r\n          <h5>Sucursales<\/h5>\r\n        <\/div>\r\n      <\/div>\r\n            <div class=\"col-lg-3 col-md-3 col-sm-6\">\r\n        <div class=\"counter style-2\">\r\n          <img class=\"img-center lazyload\" data-src=\"https:\/\/paraguaycourier.com\/wp-content\/uploads\/2019\/03\/04-4.png\" alt=\"Image\" src=\"data:image\/gif;base64,R0lGODlhAQABAAAAACH5BAEKAAEALAAAAAABAAEAAAICTAEAOw==\" style=\"--smush-placeholder-width: 100px; --smush-placeholder-aspect-ratio: 100\/100;\"><noscript><img class=\"img-center\" src=\"https:\/\/paraguaycourier.com\/wp-content\/uploads\/2019\/03\/04-4.png\" alt=\"Image\"><\/noscript> <span class=\"count-number\" data-to=\"10\" data-speed=\"10000\">10<\/span>\r\n          <h5>A\u00f1os trayendo felicidad en paquetes!<\/h5>\r\n        <\/div>\r\n      <\/div>\r\n          <\/div>\r\n  <\/div>\r\n<\/section>\r\n\r\n[vc_empty_space][\/vc_column][\/vc_row][vc_row gap=&#8221;10&#8243;][vc_column] \r\n    \r\n    <section class=\"pt-0 o-hidden\">\r\n  <div class=\"container\">\r\n    <div class=\"row align-items-center\">\r\n      <div class=\"col-lg-6 col-md-12 order-lg-12\">\r\n        <div class=\"info-img pos-r\">\r\n          <img class=\"img-fluid topBottom lazyload\" data-src=\"https:\/\/paraguaycourier.com\/wp-content\/uploads\/2020\/03\/295187-scaled.jpg\" alt=\"Image\" src=\"data:image\/gif;base64,R0lGODlhAQABAAAAACH5BAEKAAEALAAAAAABAAEAAAICTAEAOw==\" style=\"--smush-placeholder-width: 2560px; --smush-placeholder-aspect-ratio: 2560\/1707;\"><noscript><img class=\"img-fluid topBottom\" src=\"https:\/\/paraguaycourier.com\/wp-content\/uploads\/2020\/03\/295187-scaled.jpg\" alt=\"Image\"><\/noscript>\r\n        <\/div>\r\n      <\/div>\r\n      <div class=\"col-lg-6 col-md-12 order-lg-1 md-mt-5\">\r\n        <div class=\"section-title mb-4\">\r\n          <h2 class=\"title\">Personales autorizados en Miami<\/h2> \r\n          <p class=\"mb-0 text-black\">En Paraguay Courier contamos con un team exclusivo en Miami el cual est\u00e1 encargado de recibir, firmar, cuidar y embarcar tus cargas para que lleguen en \u00f3ptimas condiciones hasta tus manos. Estas personas son la \u00fanicas autorizadas a manipular las cargas y por lo tanto las \u00fanicas con acceso a ellas hasta el momento del env\u00edo. En caso de que la firma no coincida con esta lista debe ponerse en contacto inmediato con su proveedor.<\/p>\r\n        <\/div>\r\n        <ul class=\"list-unstyled list-icon\">\r\n                          <li class=\"mb-3\"><i class=\"flaticon-tick\"><\/i> V\u00edctor Qui\u00f1\u00f3nez<\/li>\r\n                            <li class=\"mb-3\"><i class=\"flaticon-tick\"><\/i> Ronald Salinas<\/li>\r\n                            <li class=\"mb-3\"><i class=\"flaticon-tick\"><\/i> C\u00e9sar Calderini<\/li>\r\n                            <li class=\"mb-3\"><i class=\"flaticon-tick\"><\/i> Alvaro Maradiaga<\/li>\r\n                          <\/ul>\r\n      <\/div>\r\n    <\/div>\r\n  <\/div>\r\n<\/section>\r\n\r\n\r\n[\/vc_column][\/vc_row][vc_row gap=&#8221;10&#8243;][vc_column][vc_row_inner][vc_column_inner][vc_wp_text]<\/p>\n<section style=\"padding: 15px 0 !important;\">\n<div class=\"container\">\n<div class=\"row\" align=\"center\">\n<div class=\"col-lg-12 col-md-12 text-center\" align=\"center\">\n<div style=\"width: 100%; display: inline-block;\" align=\"center\">\n<div align=\"center\"><\/div>\n<\/div>\n<\/div>\n<\/div>\n<\/div>\n<\/section>\n<p>[\/vc_wp_text][\/vc_column_inner][\/vc_row_inner][\/vc_column][\/vc_row][vc_row][vc_column][vc_row_inner][vc_column_inner][\/vc_column_inner][\/vc_row_inner][\/vc_column][\/vc_row][vc_row][vc_column][\/vc_column][\/vc_row][vc_row][vc_column][\/vc_column][\/vc_row][vc_row][vc_column][\/vc_column][\/vc_row]<\/p>\n<\/section>","protected":false},"excerpt":{"rendered":"<p>[vc_row][vc_column][\/vc_column][\/vc_row][vc_row][vc_column][vc_empty_space][\/vc_column][\/vc_row][vc_row gap=&#8221;10&#8243;][vc_column][\/vc_column][\/vc_row][vc_row gap=&#8221;10&#8243;][vc_column][vc_row_inner][vc_column_inner][vc_wp_text] [\/vc_wp_text][\/vc_column_inner][\/vc_row_inner][\/vc_column][\/vc_row][vc_row][vc_column][vc_row_inner][vc_column_inner][\/vc_column_inner][\/vc_row_inner][\/vc_column][\/vc_row][vc_row][vc_column][\/vc_column][\/vc_row][vc_row][vc_column][\/vc_column][\/vc_row][vc_row][vc_column][\/vc_column][\/vc_row]<\/p>\n","protected":false},"author":1,"featured_media":0,"parent":0,"menu_order":0,"comment_status":"closed","ping_status":"closed","template":"page-templates\/other-page.php","meta":{"_eb_attr":"","ub_ctt_via":"","footnotes":"","_joinchat":[]},"featured_image_src":null,"yoast_head":"<!-- This site is optimized with the Yoast SEO plugin v21.8 - https:\/\/yoast.com\/wordpress\/plugins\/seo\/ -->\n<title>Sobre nosotros - Paraguay Courier - El mejor Courier del pa\u00eds :: Compras de Internet con tu casilla gratis en Miami ::<\/title>\n<meta name=\"description\" content=\"Compr\u00e1 en las mejores tiendas de internet con el mejor Courier del pa\u00eds. \u00a1Obten\u00e9 ahora tu casilla GRATIS en Miami y retir\u00e1 tus compras desde USA!\" \/>\n<meta name=\"robots\" content=\"index, follow, max-snippet:-1, max-image-preview:large, max-video-preview:-1\" \/>\n<link rel=\"canonical\" href=\"https:\/\/paraguaycourier.com\/index.php\/sobre-nosotros\/\" \/>\n<meta property=\"og:locale\" content=\"en_US\" \/>\n<meta property=\"og:type\" content=\"article\" \/>\n<meta property=\"og:title\" content=\"Sobre nosotros - Paraguay Courier - El mejor Courier del pa\u00eds :: Compras de Internet con tu casilla gratis en Miami ::\" \/>\n<meta property=\"og:description\" content=\"Compr\u00e1 en las mejores tiendas de internet con el mejor Courier del pa\u00eds. \u00a1Obten\u00e9 ahora tu casilla GRATIS en Miami y retir\u00e1 tus compras desde USA!\" \/>\n<meta property=\"og:url\" content=\"https:\/\/paraguaycourier.com\/index.php\/sobre-nosotros\/\" \/>\n<meta property=\"og:site_name\" content=\"Paraguay Courier - El mejor Courier del pa\u00eds :: Compras de Internet con tu casilla gratis en Miami ::\" \/>\n<meta property=\"article:publisher\" content=\"https:\/\/www.facebook.com\/ParaguayCourierOficial\" \/>\n<meta property=\"article:modified_time\" content=\"2025-03-28T13:27:16+00:00\" \/>\n<meta property=\"og:image\" content=\"https:\/\/paraguaycourier.com\/wp-content\/uploads\/2023\/06\/banner-usa-home2-2.jpg\" \/>\n\t<meta property=\"og:image:width\" content=\"1920\" \/>\n\t<meta property=\"og:image:height\" content=\"740\" \/>\n\t<meta property=\"og:image:type\" content=\"image\/jpeg\" \/>\n<meta name=\"twitter:card\" content=\"summary_large_image\" \/>\n<meta name=\"twitter:label1\" content=\"Est. reading time\" \/>\n\t<meta name=\"twitter:data1\" content=\"2 minutes\" \/>\n<script type=\"application\/ld+json\" class=\"yoast-schema-graph\">{\"@context\":\"https:\/\/schema.org\",\"@graph\":[{\"@type\":\"WebPage\",\"@id\":\"https:\/\/paraguaycourier.com\/index.php\/sobre-nosotros\/\",\"url\":\"https:\/\/paraguaycourier.com\/index.php\/sobre-nosotros\/\",\"name\":\"Sobre nosotros - Paraguay Courier - El mejor Courier del pa\u00eds :: Compras de Internet con tu casilla gratis en Miami ::\",\"isPartOf\":{\"@id\":\"https:\/\/paraguaycourier.com\/#website\"},\"datePublished\":\"2019-01-02T15:50:14+00:00\",\"dateModified\":\"2025-03-28T13:27:16+00:00\",\"description\":\"Compr\u00e1 en las mejores tiendas de internet con el mejor Courier del pa\u00eds. \u00a1Obten\u00e9 ahora tu casilla GRATIS en Miami y retir\u00e1 tus compras desde USA!\",\"breadcrumb\":{\"@id\":\"https:\/\/paraguaycourier.com\/index.php\/sobre-nosotros\/#breadcrumb\"},\"inLanguage\":\"en-US\",\"potentialAction\":[{\"@type\":\"ReadAction\",\"target\":[\"https:\/\/paraguaycourier.com\/index.php\/sobre-nosotros\/\"]}]},{\"@type\":\"BreadcrumbList\",\"@id\":\"https:\/\/paraguaycourier.com\/index.php\/sobre-nosotros\/#breadcrumb\",\"itemListElement\":[{\"@type\":\"ListItem\",\"position\":1,\"name\":\"Home\",\"item\":\"https:\/\/paraguaycourier.com\/\"},{\"@type\":\"ListItem\",\"position\":2,\"name\":\"Sobre nosotros\"}]},{\"@type\":\"WebSite\",\"@id\":\"https:\/\/paraguaycourier.com\/#website\",\"url\":\"https:\/\/paraguaycourier.com\/\",\"name\":\"Compra de USA, CHINA y EUROPA con Tu Courier Favorito: Seguro, Confiable y R\u00e1pido con Paraguay Courier\",\"description\":\"Paraguay Courier\",\"publisher\":{\"@id\":\"https:\/\/paraguaycourier.com\/#organization\"},\"potentialAction\":[{\"@type\":\"SearchAction\",\"target\":{\"@type\":\"EntryPoint\",\"urlTemplate\":\"https:\/\/paraguaycourier.com\/?s={search_term_string}\"},\"query-input\":\"required name=search_term_string\"}],\"inLanguage\":\"en-US\"},{\"@type\":\"Organization\",\"@id\":\"https:\/\/paraguaycourier.com\/#organization\",\"name\":\"Paraguay Courier\",\"url\":\"https:\/\/paraguaycourier.com\/\",\"logo\":{\"@type\":\"ImageObject\",\"inLanguage\":\"en-US\",\"@id\":\"https:\/\/paraguaycourier.com\/#\/schema\/logo\/image\/\",\"url\":\"https:\/\/paraguaycourier.com\/wp-content\/uploads\/2023\/08\/LOGO@2x-10.png\",\"contentUrl\":\"https:\/\/paraguaycourier.com\/wp-content\/uploads\/2023\/08\/LOGO@2x-10.png\",\"width\":2160,\"height\":980,\"caption\":\"Paraguay Courier\"},\"image\":{\"@id\":\"https:\/\/paraguaycourier.com\/#\/schema\/logo\/image\/\"},\"sameAs\":[\"https:\/\/www.facebook.com\/ParaguayCourierOficial\",\"https:\/\/www.instagram.com\/paraguaycourier\"]}]}<\/script>\n<!-- \/ Yoast SEO plugin. -->","yoast_head_json":{"title":"Sobre nosotros - Paraguay Courier - El mejor Courier del pa\u00eds :: Compras de Internet con tu casilla gratis en Miami ::","description":"Compr\u00e1 en las mejores tiendas de internet con el mejor Courier del pa\u00eds. \u00a1Obten\u00e9 ahora tu casilla GRATIS en Miami y retir\u00e1 tus compras desde USA!","robots":{"index":"index","follow":"follow","max-snippet":"max-snippet:-1","max-image-preview":"max-image-preview:large","max-video-preview":"max-video-preview:-1"},"canonical":"https:\/\/paraguaycourier.com\/index.php\/sobre-nosotros\/","og_locale":"en_US","og_type":"article","og_title":"Sobre nosotros - Paraguay Courier - El mejor Courier del pa\u00eds :: Compras de Internet con tu casilla gratis en Miami ::","og_description":"Compr\u00e1 en las mejores tiendas de internet con el mejor Courier del pa\u00eds. \u00a1Obten\u00e9 ahora tu casilla GRATIS en Miami y retir\u00e1 tus compras desde USA!","og_url":"https:\/\/paraguaycourier.com\/index.php\/sobre-nosotros\/","og_site_name":"Paraguay Courier - El mejor Courier del pa\u00eds :: Compras de Internet con tu casilla gratis en Miami ::","article_publisher":"https:\/\/www.facebook.com\/ParaguayCourierOficial","article_modified_time":"2025-03-28T13:27:16+00:00","og_image":[{"width":1920,"height":740,"url":"https:\/\/paraguaycourier.com\/wp-content\/uploads\/2023\/06\/banner-usa-home2-2.jpg","type":"image\/jpeg"}],"twitter_card":"summary_large_image","twitter_misc":{"Est. reading time":"2 minutes"},"schema":{"@context":"https:\/\/schema.org","@graph":[{"@type":"WebPage","@id":"https:\/\/paraguaycourier.com\/index.php\/sobre-nosotros\/","url":"https:\/\/paraguaycourier.com\/index.php\/sobre-nosotros\/","name":"Sobre nosotros - Paraguay Courier - El mejor Courier del pa\u00eds :: Compras de Internet con tu casilla gratis en Miami ::","isPartOf":{"@id":"https:\/\/paraguaycourier.com\/#website"},"datePublished":"2019-01-02T15:50:14+00:00","dateModified":"2025-03-28T13:27:16+00:00","description":"Compr\u00e1 en las mejores tiendas de internet con el mejor Courier del pa\u00eds. \u00a1Obten\u00e9 ahora tu casilla GRATIS en Miami y retir\u00e1 tus compras desde USA!","breadcrumb":{"@id":"https:\/\/paraguaycourier.com\/index.php\/sobre-nosotros\/#breadcrumb"},"inLanguage":"en-US","potentialAction":[{"@type":"ReadAction","target":["https:\/\/paraguaycourier.com\/index.php\/sobre-nosotros\/"]}]},{"@type":"BreadcrumbList","@id":"https:\/\/paraguaycourier.com\/index.php\/sobre-nosotros\/#breadcrumb","itemListElement":[{"@type":"ListItem","position":1,"name":"Home","item":"https:\/\/paraguaycourier.com\/"},{"@type":"ListItem","position":2,"name":"Sobre nosotros"}]},{"@type":"WebSite","@id":"https:\/\/paraguaycourier.com\/#website","url":"https:\/\/paraguaycourier.com\/","name":"Compra de USA, CHINA y EUROPA con Tu Courier Favorito: Seguro, Confiable y R\u00e1pido con Paraguay Courier","description":"Paraguay Courier","publisher":{"@id":"https:\/\/paraguaycourier.com\/#organization"},"potentialAction":[{"@type":"SearchAction","target":{"@type":"EntryPoint","urlTemplate":"https:\/\/paraguaycourier.com\/?s={search_term_string}"},"query-input":"required name=search_term_string"}],"inLanguage":"en-US"},{"@type":"Organization","@id":"https:\/\/paraguaycourier.com\/#organization","name":"Paraguay Courier","url":"https:\/\/paraguaycourier.com\/","logo":{"@type":"ImageObject","inLanguage":"en-US","@id":"https:\/\/paraguaycourier.com\/#\/schema\/logo\/image\/","url":"https:\/\/paraguaycourier.com\/wp-content\/uploads\/2023\/08\/LOGO@2x-10.png","contentUrl":"https:\/\/paraguaycourier.com\/wp-content\/uploads\/2023\/08\/LOGO@2x-10.png","width":2160,"height":980,"caption":"Paraguay Courier"},"image":{"@id":"https:\/\/paraguaycourier.com\/#\/schema\/logo\/image\/"},"sameAs":["https:\/\/www.facebook.com\/ParaguayCourierOficial","https:\/\/www.instagram.com\/paraguaycourier"]}]}},"_links":{"self":[{"href":"https:\/\/paraguaycourier.com\/index.php\/wp-json\/wp\/v2\/pages\/60"}],"collection":[{"href":"https:\/\/paraguaycourier.com\/index.php\/wp-json\/wp\/v2\/pages"}],"about":[{"href":"https:\/\/paraguaycourier.com\/index.php\/wp-json\/wp\/v2\/types\/page"}],"author":[{"embeddable":true,"href":"https:\/\/paraguaycourier.com\/index.php\/wp-json\/wp\/v2\/users\/1"}],"replies":[{"embeddable":true,"href":"https:\/\/paraguaycourier.com\/index.php\/wp-json\/wp\/v2\/comments?post=60"}],"version-history":[{"count":35,"href":"https:\/\/paraguaycourier.com\/index.php\/wp-json\/wp\/v2\/pages\/60\/revisions"}],"predecessor-version":[{"id":14419,"href":"https:\/\/paraguaycourier.com\/index.php\/wp-json\/wp\/v2\/pages\/60\/revisions\/14419"}],"wp:attachment":[{"href":"https:\/\/paraguaycourier.com\/index.php\/wp-json\/wp\/v2\/media?parent=60"}],"curies":[{"name":"wp","href":"https:\/\/api.w.org\/{rel}","templated":true}]}}