{"id":62,"date":"2019-01-02T15:52:31","date_gmt":"2019-01-02T15:52:31","guid":{"rendered":"http:\/\/sttheme.com\/demosd\/loptus1\/?page_id=62"},"modified":"2022-11-15T20:18:39","modified_gmt":"2022-11-15T20:18:39","slug":"solicitud-tarjeta-prepaga","status":"publish","type":"page","link":"https:\/\/paraguaycourier.com\/index.php\/solicitud-tarjeta-prepaga\/","title":{"rendered":"Solicita tu Tarjeta de Credito Prepaga!"},"content":{"rendered":"<section class=\"wpb-content-wrapper\"><p>[vc_row][vc_column][vc_single_image image=&#8221;2758&#8243; img_size=&#8221;full&#8221;][\/vc_column][\/vc_row][vc_row full_width=&#8221;stretch_row_content_no_spaces&#8221; equal_height=&#8221;yes&#8221; content_placement=&#8221;middle&#8221; parallax=&#8221;content-moving&#8221;][vc_column width=&#8221;1\/4&#8243;][\/vc_column][vc_column width=&#8221;1\/2&#8243;][vc_wp_text title=&#8221;Solicita tu Tarjeta Prepaga&#8221;]<\/p>\n<p style=\"text-align: center;\"><div class=\"wpforms-container wpforms-container-full\" id=\"wpforms-1564\"><form id=\"wpforms-form-1564\" class=\"wpforms-validate wpforms-form\" data-formid=\"1564\" method=\"post\" enctype=\"multipart\/form-data\" action=\"\/index.php\/wp-json\/wp\/v2\/pages\/62?wpforms_form_id=1564\" data-token=\"aa2c095f3d6c103fc9aac0ca9c167fe5\"><noscript class=\"wpforms-error-noscript\">Please enable JavaScript in your browser to complete this form.<\/noscript><div class=\"wpforms-field-container\"><div id=\"wpforms-1564-field_18-container\" class=\"wpforms-field wpforms-field-text\" data-field-id=\"18\"><label class=\"wpforms-field-label\" for=\"wpforms-1564-field_18\">Numero de Casilla:  <span class=\"wpforms-required-label\">*<\/span><\/label><input type=\"text\" id=\"wpforms-1564-field_18\" class=\"wpforms-field-small wpforms-field-required\" name=\"wpforms[fields][18]\" required><div class=\"wpforms-field-description\">PARA SOLICITAR LA TARJETA DEBE INGRESAR SU NUMERO DE CASILLA DE PARAGUAY COURIER. <\/div><\/div><div id=\"wpforms-1564-field_6-container\" class=\"wpforms-field wpforms-field-text\" data-field-id=\"6\"><label class=\"wpforms-field-label\" for=\"wpforms-1564-field_6\">Nombre <span class=\"wpforms-required-label\">*<\/span><\/label><input type=\"text\" id=\"wpforms-1564-field_6\" class=\"wpforms-field-medium wpforms-field-required\" name=\"wpforms[fields][6]\" required><\/div><div id=\"wpforms-1564-field_8-container\" class=\"wpforms-field wpforms-field-text\" data-field-id=\"8\"><label class=\"wpforms-field-label\" for=\"wpforms-1564-field_8\">Apellido <span class=\"wpforms-required-label\">*<\/span><\/label><input type=\"text\" id=\"wpforms-1564-field_8\" class=\"wpforms-field-medium wpforms-field-required\" name=\"wpforms[fields][8]\" required><\/div><div id=\"wpforms-1564-field_1-container\" class=\"wpforms-field wpforms-field-select wpforms-field-select-style-modern\" data-field-id=\"1\"><label class=\"wpforms-field-label\" for=\"wpforms-1564-field_1\">Tipo de Documento <span class=\"wpforms-required-label\">*<\/span><\/label><select id=\"wpforms-1564-field_1\" class=\"wpforms-field-medium wpforms-field-required choicesjs-select\" data-size-class=\"wpforms-field-row wpforms-field-medium\" data-search-enabled=\"\" name=\"wpforms[fields][1]\" required=\"required\"><option value=\"\" class=\"placeholder\" disabled  selected='selected'>Cedula de identidad paraguaya<\/option><option value=\"Cedula de identidad paraguaya\" >Cedula de identidad paraguaya<\/option><option value=\"Pasaporte\" >Pasaporte<\/option><option value=\"Cedula de identidad extranjera\" >Cedula de identidad extranjera<\/option><option value=\"Certificado residencia permanente\" >Certificado residencia permanente<\/option><option value=\"Documento nacional de identidad\" >Documento nacional de identidad<\/option><\/select><\/div><div id=\"wpforms-1564-field_16-container\" class=\"wpforms-field wpforms-field-text\" data-field-id=\"16\"><label class=\"wpforms-field-label\" for=\"wpforms-1564-field_16\">N\u00famero de documento <span class=\"wpforms-required-label\">*<\/span><\/label><input type=\"text\" id=\"wpforms-1564-field_16\" class=\"wpforms-field-medium wpforms-field-required\" name=\"wpforms[fields][16]\" required><\/div><div id=\"wpforms-1564-field_11-container\" class=\"wpforms-field wpforms-field-phone\" data-field-id=\"11\"><label class=\"wpforms-field-label\" for=\"wpforms-1564-field_11\">Telefono o Celular <span class=\"wpforms-required-label\">*<\/span><\/label><input type=\"tel\" id=\"wpforms-1564-field_11\" class=\"wpforms-field-medium wpforms-field-required wpforms-smart-phone-field\" data-rule-smart-phone-field=\"true\" name=\"wpforms[fields][11]\" placeholder=\"+(595)-999-999\" required><\/div><div id=\"wpforms-1564-field_12-container\" class=\"wpforms-field wpforms-field-email\" data-field-id=\"12\"><label class=\"wpforms-field-label\" for=\"wpforms-1564-field_12\">Email <span class=\"wpforms-required-label\">*<\/span><\/label><input type=\"email\" id=\"wpforms-1564-field_12\" class=\"wpforms-field-medium wpforms-field-required\" name=\"wpforms[fields][12]\" required><\/div><div id=\"wpforms-1564-field_17-container\" class=\"wpforms-field wpforms-field-file-upload\" data-field-id=\"17\"><label class=\"wpforms-field-label\" for=\"wpforms-1564-field_17\">Documento de Identidad: <span class=\"wpforms-required-label\">*<\/span><\/label><div\n\t\tclass=\"wpforms-uploader\"\n\t\tdata-field-id=\"17\"\n\t\tdata-form-id=\"1564\"\n\t\tdata-input-name=\"wpforms_1564_17\"\n\t\tdata-extensions=\"jpg,jpeg,jpe,gif,png,bmp,tiff,tif,webp,ico,heic,asf,asx,wmv,wmx,wm,avi,divx,mov,qt,mpeg,mpg,mpe,mp4,m4v,ogv,webm,mkv,3gp,3gpp,3g2,3gp2,txt,asc,c,cc,h,srt,csv,tsv,ics,rtx,css,vtt,mp3,m4a,m4b,aac,ra,ram,wav,ogg,oga,flac,mid,midi,wma,wax,mka,rtf,pdf,class,tar,zip,gz,gzip,rar,7z,psd,xcf,doc,pot,pps,ppt,wri,xla,xls,xlt,xlw,mpp,docx,docm,dotx,dotm,xlsx,xlsm,xlsb,xltx,xltm,xlam,pptx,pptm,ppsx,ppsm,potx,potm,ppam,sldx,sldm,onetoc,onetoc2,onepkg,oxps,xps,odt,odp,ods,odg,odc,odb,odf,wp,wpd,key,numbers,pages,svg,svgz\"\n\t\tdata-max-size=\"2097152\"\n\t\tdata-max-file-number=\"2\"\n\t\tdata-post-max-size=\"2097152\"\n\t\tdata-max-parallel-uploads=\"4\"\n\t\tdata-parallel-uploads=\"true\"\n\t\tdata-file-chunk-size=\"2097152\">\n\t<div class=\"dz-message\">\n\t\t<svg viewBox=\"0 0 1024 1024\" focusable=\"false\" data-icon=\"inbox\" width=\"50px\" height=\"50px\" fill=\"#b1b1b1\" aria-hidden=\"true\">\n\t\t\t<path d=\"M885.2 446.3l-.2-.8-112.2-285.1c-5-16.1-19.9-27.2-36.8-27.2H281.2c-17 0-32.1 11.3-36.9 27.6L139.4 443l-.3.7-.2.8c-1.3 4.9-1.7 9.9-1 14.8-.1 1.6-.2 3.2-.2 4.8V830a60.9 60.9 0 0 0 60.8 60.8h627.2c33.5 0 60.8-27.3 60.9-60.8V464.1c0-1.3 0-2.6-.1-3.7.4-4.9 0-9.6-1.3-14.1zm-295.8-43l-.3 15.7c-.8 44.9-31.8 75.1-77.1 75.1-22.1 0-41.1-7.1-54.8-20.6S436 441.2 435.6 419l-.3-15.7H229.5L309 210h399.2l81.7 193.3H589.4zm-375 76.8h157.3c24.3 57.1 76 90.8 140.4 90.8 33.7 0 65-9.4 90.3-27.2 22.2-15.6 39.5-37.4 50.7-63.6h156.5V814H214.4V480.1z\"><\/path>\n\t\t<\/svg>\n\t\t<span class=\"modern-title\">Click or drag files to this area to upload.<\/span>\n\n\t\t\t\t\t<span class=\"modern-hint\">You can upload up to 2 files.<\/span>\n\t\t\t<\/div>\n<\/div>\n<input\n\t\ttype=\"text\"\n\t\tautocomplete=\"off\"\n\t\tclass=\"dropzone-input\"\n\t\tstyle=\"position:absolute!important;clip:rect(0,0,0,0)!important;height:1px!important;width:1px!important;border:0!important;overflow:hidden!important;padding:0!important;margin:0!important;\"\n\t\tid=\"wpforms-1564-field_17\"\n\t\tname=\"wpforms_1564_17\" required\t\tvalue=\"\">\n<\/div><\/div><div class=\"wpforms-recaptcha-container wpforms-is-hcaptcha\"><div class=\"g-recaptcha\" data-sitekey=\"e1840489-8d8f-4339-8e30-35bb0692604d\"><\/div><input type=\"text\" name=\"g-recaptcha-hidden\" class=\"wpforms-recaptcha-hidden\" style=\"position:absolute!important;clip:rect(0,0,0,0)!important;height:1px!important;width:1px!important;border:0!important;overflow:hidden!important;padding:0!important;margin:0!important;\" required><\/div><div class=\"wpforms-submit-container\"><input type=\"hidden\" name=\"wpforms[id]\" value=\"1564\"><input type=\"hidden\" name=\"wpforms[author]\" value=\"1\"><button type=\"submit\" name=\"wpforms[submit]\" id=\"wpforms-submit-1564\" class=\"wpforms-submit\" aria-live=\"assertive\" value=\"wpforms-submit\">Enviar<\/button><\/div><\/form><\/div>  <!-- .wpforms-container --><\/p>\n<p>[\/vc_wp_text][\/vc_column][\/vc_row][vc_row][vc_column] \r\n    <section>\r\n  <div class=\"container\">\r\n    <div class=\"row\">\r\n      <div class=\"col-sm-12\">\r\n        <div id=\"accordion\" class=\"accordion style-1\">\r\n                                          <div class=\"card\">\r\n            <div class=\"card-header\">\r\n              <h6 class=\"mb-0\">\r\n              <a data-toggle=\"collapse\" data-parent=\"#accordion\" href=\"#collapse1\">Beneficios de la tarjeta prepaga<\/a>\r\n              <\/h6>\r\n            <\/div>\r\n            <div id=\"collapse1\" class=\"collapse\" data-parent=\"#accordion\">\r\n              <div class=\"card-body\"><h4>CON ELLA POD\u00c9S<\/h4>\n\t<li><strong>Retirar tus paquetes con un 20% de descuento sobre el peso de tu tarifa<\/strong><i>*Exclusivo para carga a\u00e9rea considerada remesa expresa por la legislaci\u00f3n paraguaya<\/i><\/li>\n<li>Cargar el importe que necesites hasta un l\u00edmite mensual de Gs. 18.000.000.<\/li>\n<li>Comprar en miles de comercios locales e internacionales de la manera m\u00e1s segura con la Tecnolog\u00eda Chip.<\/li>\n<li>Tener el control de tus compras con la tranquilidad de que gastar\u00e1s solo lo necesario.<\/li>\n<li>Consultar tu saldo y movimientos a trav\u00e9s de Banca M\u00f3vil y Home Banking.<\/li>\n<li>Realizar consultas o extracciones de dinero en m\u00e1s de 1.000 cajeros autom\u00e1ticos de la red Infonet y en cajeros de la red Plus o Cirrus en todo el mundo.<\/li>\n<br>\n<h4>Adem\u00e1s pod\u00e9s<\/h4>\n<li>Recibir notificaciones push en tu m\u00f3vil de las operaciones realizadas con tu tarjeta como carga de saldo, compras en comercios locales e internacionales entre otros. Tambi\u00e9n pod\u00e9s optar por otras v\u00edas de notificaci\u00f3n como SMS o email.<\/li>\n<li>Encender o apagar tu tarjeta desde tu celular con tan solo un clic o bien limitar el monto de tus compras por canales, pa\u00edses o tipos de comercios.<\/li>\n<li>Modificar el PIN de tu tarjeta. El PIN es una clave num\u00e9rica de 4 d\u00edgitos, la cual precis\u00e1s para utilizar tu tarjeta. Record\u00e1 que este PIN es personal y lo pod\u00e9s modificar las veces que desees siguiendo unos simples pasos en cualquier cajero autom\u00e1tico.<\/li><\/div>\r\n            <\/div>\r\n          <\/div>\r\n                                                      <div class=\"card\">\r\n            <div class=\"card-header\">\r\n              <h6 class=\"mb-0\">\r\n              <a data-toggle=\"collapse\" data-parent=\"#accordion\" href=\"#collapse2\">Requisitos para solicitarla<\/a>\r\n              <\/h6>\r\n            <\/div>\r\n            <div id=\"collapse2\" class=\"collapse\" data-parent=\"#accordion\">\r\n              <div class=\"card-body\"><ul><li>Copia del documento de identidad.<\/li>\n\t<li>Comprobante de ingresos:<\/li><\/ul>\n\t\t\n\t\t\t<li>Dependientes: Certificado de Ingresos o Liquidaciones de Salario.<\/li>\n\t<li>Profesionales Independientes: R.U.C. y Balance o DDJJ IVA de los \u00faltimos 3 meses.<\/li>\n\t\t\n\t<br>\n<strong>Si el usuario de la tarjeta es menor de edad:<\/strong>\n<li>El m\u00ednimo de edad para solicitar la tarjeta es de 14 a\u00f1os. Hasta los 18 a\u00f1os deber\u00e1 contar con la firma de un tutor\/responsable en la solicitud.<\/li><\/div>\r\n            <\/div>\r\n          <\/div>\r\n                            <\/div>\r\n      <\/div>\r\n    <\/div>\r\n  <\/div>\r\n<\/section>\r\n\r\n[\/vc_column][\/vc_row]<\/p>\n<\/section>","protected":false},"excerpt":{"rendered":"<p>[vc_row][vc_column][vc_single_image image=&#8221;2758&#8243; img_size=&#8221;full&#8221;][\/vc_column][\/vc_row][vc_row full_width=&#8221;stretch_row_content_no_spaces&#8221; equal_height=&#8221;yes&#8221; content_placement=&#8221;middle&#8221; parallax=&#8221;content-moving&#8221;][vc_column width=&#8221;1\/4&#8243;][\/vc_column][vc_column width=&#8221;1\/2&#8243;][vc_wp_text title=&#8221;Solicita tu Tarjeta Prepaga&#8221;] [\/vc_wp_text][\/vc_column][\/vc_row][vc_row][vc_column][\/vc_column][\/vc_row]<\/p>\n","protected":false},"author":1,"featured_media":0,"parent":0,"menu_order":0,"comment_status":"closed","ping_status":"closed","template":"page-templates\/other-page.php","meta":{"_eb_attr":"","ub_ctt_via":"","footnotes":"","_joinchat":[]},"featured_image_src":null,"yoast_head":"<!-- This site is optimized with the Yoast SEO plugin v21.8 - https:\/\/yoast.com\/wordpress\/plugins\/seo\/ -->\n<title>Solicita tu Tarjeta de Credito Prepaga! - Paraguay Courier - El mejor Courier del pa\u00eds :: Compras de Internet con tu casilla gratis en Miami ::<\/title>\n<meta name=\"robots\" content=\"index, follow, max-snippet:-1, max-image-preview:large, max-video-preview:-1\" \/>\n<link rel=\"canonical\" href=\"https:\/\/paraguaycourier.com\/index.php\/solicitud-tarjeta-prepaga\/\" \/>\n<meta property=\"og:locale\" content=\"en_US\" \/>\n<meta property=\"og:type\" content=\"article\" \/>\n<meta property=\"og:title\" content=\"Solicita tu Tarjeta de Credito Prepaga! - Paraguay Courier - El mejor Courier del pa\u00eds :: Compras de Internet con tu casilla gratis en Miami ::\" \/>\n<meta property=\"og:description\" content=\"[vc_row][vc_column][vc_single_image image=&#8221;2758&#8243; img_size=&#8221;full&#8221;][\/vc_column][\/vc_row][vc_row full_width=&#8221;stretch_row_content_no_spaces&#8221; equal_height=&#8221;yes&#8221; content_placement=&#8221;middle&#8221; parallax=&#8221;content-moving&#8221;][vc_column width=&#8221;1\/4&#8243;][\/vc_column][vc_column width=&#8221;1\/2&#8243;][vc_wp_text title=&#8221;Solicita tu Tarjeta Prepaga&#8221;] [\/vc_wp_text][\/vc_column][\/vc_row][vc_row][vc_column][\/vc_column][\/vc_row]\" \/>\n<meta property=\"og:url\" content=\"https:\/\/paraguaycourier.com\/index.php\/solicitud-tarjeta-prepaga\/\" \/>\n<meta property=\"og:site_name\" content=\"Paraguay Courier - El mejor Courier del pa\u00eds :: Compras de Internet con tu casilla gratis en Miami ::\" \/>\n<meta property=\"article:publisher\" content=\"https:\/\/www.facebook.com\/ParaguayCourierOficial\" \/>\n<meta property=\"article:modified_time\" content=\"2022-11-15T20:18:39+00:00\" \/>\n<meta property=\"og:image\" content=\"https:\/\/paraguaycourier.com\/wp-content\/uploads\/2023\/06\/banner-usa-home2-2.jpg\" \/>\n\t<meta property=\"og:image:width\" content=\"1920\" \/>\n\t<meta property=\"og:image:height\" content=\"740\" \/>\n\t<meta property=\"og:image:type\" content=\"image\/jpeg\" \/>\n<meta name=\"twitter:card\" content=\"summary_large_image\" \/>\n<meta name=\"twitter:label1\" content=\"Est. reading time\" \/>\n\t<meta name=\"twitter:data1\" content=\"1 minute\" \/>\n<script type=\"application\/ld+json\" class=\"yoast-schema-graph\">{\"@context\":\"https:\/\/schema.org\",\"@graph\":[{\"@type\":\"WebPage\",\"@id\":\"https:\/\/paraguaycourier.com\/index.php\/solicitud-tarjeta-prepaga\/\",\"url\":\"https:\/\/paraguaycourier.com\/index.php\/solicitud-tarjeta-prepaga\/\",\"name\":\"Solicita tu Tarjeta de Credito Prepaga! - Paraguay Courier - El mejor Courier del pa\u00eds :: Compras de Internet con tu casilla gratis en Miami ::\",\"isPartOf\":{\"@id\":\"https:\/\/paraguaycourier.com\/#website\"},\"datePublished\":\"2019-01-02T15:52:31+00:00\",\"dateModified\":\"2022-11-15T20:18:39+00:00\",\"breadcrumb\":{\"@id\":\"https:\/\/paraguaycourier.com\/index.php\/solicitud-tarjeta-prepaga\/#breadcrumb\"},\"inLanguage\":\"en-US\",\"potentialAction\":[{\"@type\":\"ReadAction\",\"target\":[\"https:\/\/paraguaycourier.com\/index.php\/solicitud-tarjeta-prepaga\/\"]}]},{\"@type\":\"BreadcrumbList\",\"@id\":\"https:\/\/paraguaycourier.com\/index.php\/solicitud-tarjeta-prepaga\/#breadcrumb\",\"itemListElement\":[{\"@type\":\"ListItem\",\"position\":1,\"name\":\"Home\",\"item\":\"https:\/\/paraguaycourier.com\/\"},{\"@type\":\"ListItem\",\"position\":2,\"name\":\"Solicita tu Tarjeta de Credito Prepaga!\"}]},{\"@type\":\"WebSite\",\"@id\":\"https:\/\/paraguaycourier.com\/#website\",\"url\":\"https:\/\/paraguaycourier.com\/\",\"name\":\"Compra de USA, CHINA y EUROPA con Tu Courier Favorito: Seguro, Confiable y R\u00e1pido con Paraguay Courier\",\"description\":\"Paraguay Courier\",\"publisher\":{\"@id\":\"https:\/\/paraguaycourier.com\/#organization\"},\"potentialAction\":[{\"@type\":\"SearchAction\",\"target\":{\"@type\":\"EntryPoint\",\"urlTemplate\":\"https:\/\/paraguaycourier.com\/?s={search_term_string}\"},\"query-input\":\"required name=search_term_string\"}],\"inLanguage\":\"en-US\"},{\"@type\":\"Organization\",\"@id\":\"https:\/\/paraguaycourier.com\/#organization\",\"name\":\"Paraguay Courier\",\"url\":\"https:\/\/paraguaycourier.com\/\",\"logo\":{\"@type\":\"ImageObject\",\"inLanguage\":\"en-US\",\"@id\":\"https:\/\/paraguaycourier.com\/#\/schema\/logo\/image\/\",\"url\":\"https:\/\/paraguaycourier.com\/wp-content\/uploads\/2023\/08\/LOGO@2x-10.png\",\"contentUrl\":\"https:\/\/paraguaycourier.com\/wp-content\/uploads\/2023\/08\/LOGO@2x-10.png\",\"width\":2160,\"height\":980,\"caption\":\"Paraguay Courier\"},\"image\":{\"@id\":\"https:\/\/paraguaycourier.com\/#\/schema\/logo\/image\/\"},\"sameAs\":[\"https:\/\/www.facebook.com\/ParaguayCourierOficial\",\"https:\/\/www.instagram.com\/paraguaycourier\"]}]}<\/script>\n<!-- \/ Yoast SEO plugin. -->","yoast_head_json":{"title":"Solicita tu Tarjeta de Credito Prepaga! - Paraguay Courier - El mejor Courier del pa\u00eds :: Compras de Internet con tu casilla gratis en Miami ::","robots":{"index":"index","follow":"follow","max-snippet":"max-snippet:-1","max-image-preview":"max-image-preview:large","max-video-preview":"max-video-preview:-1"},"canonical":"https:\/\/paraguaycourier.com\/index.php\/solicitud-tarjeta-prepaga\/","og_locale":"en_US","og_type":"article","og_title":"Solicita tu Tarjeta de Credito Prepaga! - Paraguay Courier - El mejor Courier del pa\u00eds :: Compras de Internet con tu casilla gratis en Miami ::","og_description":"[vc_row][vc_column][vc_single_image image=&#8221;2758&#8243; img_size=&#8221;full&#8221;][\/vc_column][\/vc_row][vc_row full_width=&#8221;stretch_row_content_no_spaces&#8221; equal_height=&#8221;yes&#8221; content_placement=&#8221;middle&#8221; parallax=&#8221;content-moving&#8221;][vc_column width=&#8221;1\/4&#8243;][\/vc_column][vc_column width=&#8221;1\/2&#8243;][vc_wp_text title=&#8221;Solicita tu Tarjeta Prepaga&#8221;] [\/vc_wp_text][\/vc_column][\/vc_row][vc_row][vc_column][\/vc_column][\/vc_row]","og_url":"https:\/\/paraguaycourier.com\/index.php\/solicitud-tarjeta-prepaga\/","og_site_name":"Paraguay Courier - El mejor Courier del pa\u00eds :: Compras de Internet con tu casilla gratis en Miami ::","article_publisher":"https:\/\/www.facebook.com\/ParaguayCourierOficial","article_modified_time":"2022-11-15T20:18:39+00:00","og_image":[{"width":1920,"height":740,"url":"https:\/\/paraguaycourier.com\/wp-content\/uploads\/2023\/06\/banner-usa-home2-2.jpg","type":"image\/jpeg"}],"twitter_card":"summary_large_image","twitter_misc":{"Est. reading time":"1 minute"},"schema":{"@context":"https:\/\/schema.org","@graph":[{"@type":"WebPage","@id":"https:\/\/paraguaycourier.com\/index.php\/solicitud-tarjeta-prepaga\/","url":"https:\/\/paraguaycourier.com\/index.php\/solicitud-tarjeta-prepaga\/","name":"Solicita tu Tarjeta de Credito Prepaga! - Paraguay Courier - El mejor Courier del pa\u00eds :: Compras de Internet con tu casilla gratis en Miami ::","isPartOf":{"@id":"https:\/\/paraguaycourier.com\/#website"},"datePublished":"2019-01-02T15:52:31+00:00","dateModified":"2022-11-15T20:18:39+00:00","breadcrumb":{"@id":"https:\/\/paraguaycourier.com\/index.php\/solicitud-tarjeta-prepaga\/#breadcrumb"},"inLanguage":"en-US","potentialAction":[{"@type":"ReadAction","target":["https:\/\/paraguaycourier.com\/index.php\/solicitud-tarjeta-prepaga\/"]}]},{"@type":"BreadcrumbList","@id":"https:\/\/paraguaycourier.com\/index.php\/solicitud-tarjeta-prepaga\/#breadcrumb","itemListElement":[{"@type":"ListItem","position":1,"name":"Home","item":"https:\/\/paraguaycourier.com\/"},{"@type":"ListItem","position":2,"name":"Solicita tu Tarjeta de Credito Prepaga!"}]},{"@type":"WebSite","@id":"https:\/\/paraguaycourier.com\/#website","url":"https:\/\/paraguaycourier.com\/","name":"Compra de USA, CHINA y EUROPA con Tu Courier Favorito: Seguro, Confiable y R\u00e1pido con Paraguay Courier","description":"Paraguay Courier","publisher":{"@id":"https:\/\/paraguaycourier.com\/#organization"},"potentialAction":[{"@type":"SearchAction","target":{"@type":"EntryPoint","urlTemplate":"https:\/\/paraguaycourier.com\/?s={search_term_string}"},"query-input":"required name=search_term_string"}],"inLanguage":"en-US"},{"@type":"Organization","@id":"https:\/\/paraguaycourier.com\/#organization","name":"Paraguay Courier","url":"https:\/\/paraguaycourier.com\/","logo":{"@type":"ImageObject","inLanguage":"en-US","@id":"https:\/\/paraguaycourier.com\/#\/schema\/logo\/image\/","url":"https:\/\/paraguaycourier.com\/wp-content\/uploads\/2023\/08\/LOGO@2x-10.png","contentUrl":"https:\/\/paraguaycourier.com\/wp-content\/uploads\/2023\/08\/LOGO@2x-10.png","width":2160,"height":980,"caption":"Paraguay Courier"},"image":{"@id":"https:\/\/paraguaycourier.com\/#\/schema\/logo\/image\/"},"sameAs":["https:\/\/www.facebook.com\/ParaguayCourierOficial","https:\/\/www.instagram.com\/paraguaycourier"]}]}},"_links":{"self":[{"href":"https:\/\/paraguaycourier.com\/index.php\/wp-json\/wp\/v2\/pages\/62"}],"collection":[{"href":"https:\/\/paraguaycourier.com\/index.php\/wp-json\/wp\/v2\/pages"}],"about":[{"href":"https:\/\/paraguaycourier.com\/index.php\/wp-json\/wp\/v2\/types\/page"}],"author":[{"embeddable":true,"href":"https:\/\/paraguaycourier.com\/index.php\/wp-json\/wp\/v2\/users\/1"}],"replies":[{"embeddable":true,"href":"https:\/\/paraguaycourier.com\/index.php\/wp-json\/wp\/v2\/comments?post=62"}],"version-history":[{"count":67,"href":"https:\/\/paraguaycourier.com\/index.php\/wp-json\/wp\/v2\/pages\/62\/revisions"}],"predecessor-version":[{"id":2759,"href":"https:\/\/paraguaycourier.com\/index.php\/wp-json\/wp\/v2\/pages\/62\/revisions\/2759"}],"wp:attachment":[{"href":"https:\/\/paraguaycourier.com\/index.php\/wp-json\/wp\/v2\/media?parent=62"}],"curies":[{"name":"wp","href":"https:\/\/api.w.org\/{rel}","templated":true}]}}