{"id":6929,"date":"2024-02-26T17:32:19","date_gmt":"2024-02-26T17:32:19","guid":{"rendered":"https:\/\/paraguaycourier.com\/index.php\/sobre-nosotros-copy\/"},"modified":"2024-02-27T12:01:04","modified_gmt":"2024-02-27T12:01:04","slug":"grandes-compradores","status":"publish","type":"page","link":"https:\/\/paraguaycourier.com\/index.php\/grandes-compradores\/","title":{"rendered":"Grandes compradores"},"content":{"rendered":"<section class=\"wpb-content-wrapper\"><p>[vc_row][vc_column] \r\n    <section class=\"grey-bg\">\r\n  <div class=\"container\">\r\n    <div class=\"row align-items-center\">\r\n      <div class=\"col-lg-6 col-md-12 order-lg-12\">\r\n        <div class=\"row\">\r\n          <div class=\"col-md-6\">\r\n            <div class=\"image-block\">\r\n              <img class=\"img-fluid box-shadow radius w-100 lazyload\" data-src=\"https:\/\/paraguaycourier.com\/wp-content\/uploads\/2024\/02\/attractive-woman-business-owner-arranging-lot-packages-boxes-ready-ship-customers-from-online-business-shop-1.jpg\" alt=\"Image\" src=\"data:image\/gif;base64,R0lGODlhAQABAAAAACH5BAEKAAEALAAAAAABAAEAAAICTAEAOw==\" style=\"--smush-placeholder-width: 1920px; --smush-placeholder-aspect-ratio: 1920\/1281;\"><noscript><img class=\"img-fluid box-shadow radius w-100\" src=\"https:\/\/paraguaycourier.com\/wp-content\/uploads\/2024\/02\/attractive-woman-business-owner-arranging-lot-packages-boxes-ready-ship-customers-from-online-business-shop-1.jpg\" alt=\"Image\"><\/noscript>\r\n            <\/div>\r\n          <\/div>\r\n          <div class=\"col-md-6 mt-4\">\r\n            <div class=\"image-block\">\r\n              <img class=\"img-fluid box-shadow radius w-100 lazyload\" data-src=\"https:\/\/paraguaycourier.com\/wp-content\/uploads\/2024\/02\/business-owner-working-with-boxes-2.jpg\" alt=\"Image\" src=\"data:image\/gif;base64,R0lGODlhAQABAAAAACH5BAEKAAEALAAAAAABAAEAAAICTAEAOw==\" style=\"--smush-placeholder-width: 1920px; --smush-placeholder-aspect-ratio: 1920\/1280;\"><noscript><img class=\"img-fluid box-shadow radius w-100\" src=\"https:\/\/paraguaycourier.com\/wp-content\/uploads\/2024\/02\/business-owner-working-with-boxes-2.jpg\" alt=\"Image\"><\/noscript>\r\n            <\/div>\r\n          <\/div>\r\n          <div class=\"col-md-6 sm-mt-3\">\r\n            <div class=\"image-block\">\r\n              <img class=\"img-fluid box-shadow radius w-100 lazyload\" data-src=\"https:\/\/paraguaycourier.com\/wp-content\/uploads\/2022\/06\/pyc-central.png\" alt=\"Image\" src=\"data:image\/gif;base64,R0lGODlhAQABAAAAACH5BAEKAAEALAAAAAABAAEAAAICTAEAOw==\" style=\"--smush-placeholder-width: 900px; --smush-placeholder-aspect-ratio: 900\/675;\"><noscript><img class=\"img-fluid box-shadow radius w-100\" src=\"https:\/\/paraguaycourier.com\/wp-content\/uploads\/2022\/06\/pyc-central.png\" alt=\"Image\"><\/noscript>\r\n            <\/div>\r\n          <\/div>\r\n          <div class=\"col-md-6 mt-4\">\r\n            <div class=\"image-block\">\r\n              <img class=\"img-fluid box-shadow radius w-100 lazyload\" data-src=\"https:\/\/paraguaycourier.com\/wp-content\/uploads\/2021\/01\/AdobeStock_307752440_Editorial_Use_Only-scaled.jpeg\" alt=\"Image\" src=\"data:image\/gif;base64,R0lGODlhAQABAAAAACH5BAEKAAEALAAAAAABAAEAAAICTAEAOw==\" style=\"--smush-placeholder-width: 2560px; --smush-placeholder-aspect-ratio: 2560\/1707;\"><noscript><img class=\"img-fluid box-shadow radius w-100\" src=\"https:\/\/paraguaycourier.com\/wp-content\/uploads\/2021\/01\/AdobeStock_307752440_Editorial_Use_Only-scaled.jpeg\" alt=\"Image\"><\/noscript>\r\n            <\/div>\r\n          <\/div>\r\n        <\/div>\r\n      <\/div>\r\n      <div class=\"col-lg-6 col-md-12 md-mt-5 order-lg-1\">\r\n        <div class=\"section-title mb-3\">\r\n          <h6>Grandes compradores<\/h6>\r\n          <h2><\/h2>\r\n        <\/div>\r\n        <p class=\"text-black\">Contamos con un plan dise\u00f1ado para vos que tra\u00e9s muchos kilos de EEUU.<br \/>\nNuestro Asesor de cuenta puede asesorarte teniendo en cuenta el peso de tus mercader\u00edas.<br \/>\nPara mayor informaci\u00f3n contact\u00e1 a<\/p>\r\n        <ul class=\"custom-li list-unstyled list-icon-2 my-3 d-inline-block\">\r\n                  <\/ul> <a class=\"btn btn-theme\" href=\"mailto:ventas@paraguaycourier.com\"><span>ventas@paraguaycourier.com<\/span><\/a>\r\n      <\/div>      \r\n    <\/div>\r\n  <\/div>\r\n<\/section>\r\n\r\n[\/vc_column][\/vc_row]<\/p>\n<\/section>","protected":false},"excerpt":{"rendered":"<p>[vc_row][vc_column][\/vc_column][\/vc_row]<\/p>\n","protected":false},"author":1,"featured_media":0,"parent":0,"menu_order":0,"comment_status":"closed","ping_status":"closed","template":"page-templates\/other-page.php","meta":{"_eb_attr":"","ub_ctt_via":"","footnotes":"","_joinchat":[]},"featured_image_src":null,"yoast_head":"<!-- This site is optimized with the Yoast SEO plugin v21.8 - https:\/\/yoast.com\/wordpress\/plugins\/seo\/ -->\n<title>Grandes compradores - Paraguay Courier - El mejor Courier del pa\u00eds :: Compras de Internet con tu casilla gratis en Miami ::<\/title>\n<meta name=\"description\" content=\"Compr\u00e1 en las mejores tiendas de internet con el mejor Courier del pa\u00eds. \u00a1Obten\u00e9 ahora tu casilla GRATIS en Miami y retir\u00e1 tus compras desde USA!\" \/>\n<meta name=\"robots\" content=\"index, follow, max-snippet:-1, max-image-preview:large, max-video-preview:-1\" \/>\n<link rel=\"canonical\" href=\"https:\/\/paraguaycourier.com\/index.php\/grandes-compradores\/\" \/>\n<meta property=\"og:locale\" content=\"en_US\" \/>\n<meta property=\"og:type\" content=\"article\" \/>\n<meta property=\"og:title\" content=\"Grandes compradores - Paraguay Courier - El mejor Courier del pa\u00eds :: Compras de Internet con tu casilla gratis en Miami ::\" \/>\n<meta property=\"og:description\" content=\"Compr\u00e1 en las mejores tiendas de internet con el mejor Courier del pa\u00eds. \u00a1Obten\u00e9 ahora tu casilla GRATIS en Miami y retir\u00e1 tus compras desde USA!\" \/>\n<meta property=\"og:url\" content=\"https:\/\/paraguaycourier.com\/index.php\/grandes-compradores\/\" \/>\n<meta property=\"og:site_name\" content=\"Paraguay Courier - El mejor Courier del pa\u00eds :: Compras de Internet con tu casilla gratis en Miami ::\" \/>\n<meta property=\"article:publisher\" content=\"https:\/\/www.facebook.com\/ParaguayCourierOficial\" \/>\n<meta property=\"article:modified_time\" content=\"2024-02-27T12:01:04+00:00\" \/>\n<meta property=\"og:image\" content=\"https:\/\/paraguaycourier.com\/wp-content\/uploads\/2023\/06\/banner-usa-home2-2.jpg\" \/>\n\t<meta property=\"og:image:width\" content=\"1920\" \/>\n\t<meta property=\"og:image:height\" content=\"740\" \/>\n\t<meta property=\"og:image:type\" content=\"image\/jpeg\" \/>\n<meta name=\"twitter:card\" content=\"summary_large_image\" \/>\n<meta name=\"twitter:label1\" content=\"Est. reading time\" \/>\n\t<meta name=\"twitter:data1\" content=\"1 minute\" \/>\n<script type=\"application\/ld+json\" class=\"yoast-schema-graph\">{\"@context\":\"https:\/\/schema.org\",\"@graph\":[{\"@type\":\"WebPage\",\"@id\":\"https:\/\/paraguaycourier.com\/index.php\/grandes-compradores\/\",\"url\":\"https:\/\/paraguaycourier.com\/index.php\/grandes-compradores\/\",\"name\":\"Grandes compradores - Paraguay Courier - El mejor Courier del pa\u00eds :: Compras de Internet con tu casilla gratis en Miami ::\",\"isPartOf\":{\"@id\":\"https:\/\/paraguaycourier.com\/#website\"},\"datePublished\":\"2024-02-26T17:32:19+00:00\",\"dateModified\":\"2024-02-27T12:01:04+00:00\",\"description\":\"Compr\u00e1 en las mejores tiendas de internet con el mejor Courier del pa\u00eds. \u00a1Obten\u00e9 ahora tu casilla GRATIS en Miami y retir\u00e1 tus compras desde USA!\",\"breadcrumb\":{\"@id\":\"https:\/\/paraguaycourier.com\/index.php\/grandes-compradores\/#breadcrumb\"},\"inLanguage\":\"en-US\",\"potentialAction\":[{\"@type\":\"ReadAction\",\"target\":[\"https:\/\/paraguaycourier.com\/index.php\/grandes-compradores\/\"]}]},{\"@type\":\"BreadcrumbList\",\"@id\":\"https:\/\/paraguaycourier.com\/index.php\/grandes-compradores\/#breadcrumb\",\"itemListElement\":[{\"@type\":\"ListItem\",\"position\":1,\"name\":\"Home\",\"item\":\"https:\/\/paraguaycourier.com\/\"},{\"@type\":\"ListItem\",\"position\":2,\"name\":\"Grandes compradores\"}]},{\"@type\":\"WebSite\",\"@id\":\"https:\/\/paraguaycourier.com\/#website\",\"url\":\"https:\/\/paraguaycourier.com\/\",\"name\":\"Compra de USA, CHINA y EUROPA con Tu Courier Favorito: Seguro, Confiable y R\u00e1pido con Paraguay Courier\",\"description\":\"Paraguay Courier\",\"publisher\":{\"@id\":\"https:\/\/paraguaycourier.com\/#organization\"},\"potentialAction\":[{\"@type\":\"SearchAction\",\"target\":{\"@type\":\"EntryPoint\",\"urlTemplate\":\"https:\/\/paraguaycourier.com\/?s={search_term_string}\"},\"query-input\":\"required name=search_term_string\"}],\"inLanguage\":\"en-US\"},{\"@type\":\"Organization\",\"@id\":\"https:\/\/paraguaycourier.com\/#organization\",\"name\":\"Paraguay Courier\",\"url\":\"https:\/\/paraguaycourier.com\/\",\"logo\":{\"@type\":\"ImageObject\",\"inLanguage\":\"en-US\",\"@id\":\"https:\/\/paraguaycourier.com\/#\/schema\/logo\/image\/\",\"url\":\"https:\/\/paraguaycourier.com\/wp-content\/uploads\/2023\/08\/LOGO@2x-10.png\",\"contentUrl\":\"https:\/\/paraguaycourier.com\/wp-content\/uploads\/2023\/08\/LOGO@2x-10.png\",\"width\":2160,\"height\":980,\"caption\":\"Paraguay Courier\"},\"image\":{\"@id\":\"https:\/\/paraguaycourier.com\/#\/schema\/logo\/image\/\"},\"sameAs\":[\"https:\/\/www.facebook.com\/ParaguayCourierOficial\",\"https:\/\/www.instagram.com\/paraguaycourier\"]}]}<\/script>\n<!-- \/ Yoast SEO plugin. -->","yoast_head_json":{"title":"Grandes compradores - Paraguay Courier - El mejor Courier del pa\u00eds :: Compras de Internet con tu casilla gratis en Miami ::","description":"Compr\u00e1 en las mejores tiendas de internet con el mejor Courier del pa\u00eds. \u00a1Obten\u00e9 ahora tu casilla GRATIS en Miami y retir\u00e1 tus compras desde USA!","robots":{"index":"index","follow":"follow","max-snippet":"max-snippet:-1","max-image-preview":"max-image-preview:large","max-video-preview":"max-video-preview:-1"},"canonical":"https:\/\/paraguaycourier.com\/index.php\/grandes-compradores\/","og_locale":"en_US","og_type":"article","og_title":"Grandes compradores - Paraguay Courier - El mejor Courier del pa\u00eds :: Compras de Internet con tu casilla gratis en Miami ::","og_description":"Compr\u00e1 en las mejores tiendas de internet con el mejor Courier del pa\u00eds. \u00a1Obten\u00e9 ahora tu casilla GRATIS en Miami y retir\u00e1 tus compras desde USA!","og_url":"https:\/\/paraguaycourier.com\/index.php\/grandes-compradores\/","og_site_name":"Paraguay Courier - El mejor Courier del pa\u00eds :: Compras de Internet con tu casilla gratis en Miami ::","article_publisher":"https:\/\/www.facebook.com\/ParaguayCourierOficial","article_modified_time":"2024-02-27T12:01:04+00:00","og_image":[{"width":1920,"height":740,"url":"https:\/\/paraguaycourier.com\/wp-content\/uploads\/2023\/06\/banner-usa-home2-2.jpg","type":"image\/jpeg"}],"twitter_card":"summary_large_image","twitter_misc":{"Est. reading time":"1 minute"},"schema":{"@context":"https:\/\/schema.org","@graph":[{"@type":"WebPage","@id":"https:\/\/paraguaycourier.com\/index.php\/grandes-compradores\/","url":"https:\/\/paraguaycourier.com\/index.php\/grandes-compradores\/","name":"Grandes compradores - Paraguay Courier - El mejor Courier del pa\u00eds :: Compras de Internet con tu casilla gratis en Miami ::","isPartOf":{"@id":"https:\/\/paraguaycourier.com\/#website"},"datePublished":"2024-02-26T17:32:19+00:00","dateModified":"2024-02-27T12:01:04+00:00","description":"Compr\u00e1 en las mejores tiendas de internet con el mejor Courier del pa\u00eds. \u00a1Obten\u00e9 ahora tu casilla GRATIS en Miami y retir\u00e1 tus compras desde USA!","breadcrumb":{"@id":"https:\/\/paraguaycourier.com\/index.php\/grandes-compradores\/#breadcrumb"},"inLanguage":"en-US","potentialAction":[{"@type":"ReadAction","target":["https:\/\/paraguaycourier.com\/index.php\/grandes-compradores\/"]}]},{"@type":"BreadcrumbList","@id":"https:\/\/paraguaycourier.com\/index.php\/grandes-compradores\/#breadcrumb","itemListElement":[{"@type":"ListItem","position":1,"name":"Home","item":"https:\/\/paraguaycourier.com\/"},{"@type":"ListItem","position":2,"name":"Grandes compradores"}]},{"@type":"WebSite","@id":"https:\/\/paraguaycourier.com\/#website","url":"https:\/\/paraguaycourier.com\/","name":"Compra de USA, CHINA y EUROPA con Tu Courier Favorito: Seguro, Confiable y R\u00e1pido con Paraguay Courier","description":"Paraguay Courier","publisher":{"@id":"https:\/\/paraguaycourier.com\/#organization"},"potentialAction":[{"@type":"SearchAction","target":{"@type":"EntryPoint","urlTemplate":"https:\/\/paraguaycourier.com\/?s={search_term_string}"},"query-input":"required name=search_term_string"}],"inLanguage":"en-US"},{"@type":"Organization","@id":"https:\/\/paraguaycourier.com\/#organization","name":"Paraguay Courier","url":"https:\/\/paraguaycourier.com\/","logo":{"@type":"ImageObject","inLanguage":"en-US","@id":"https:\/\/paraguaycourier.com\/#\/schema\/logo\/image\/","url":"https:\/\/paraguaycourier.com\/wp-content\/uploads\/2023\/08\/LOGO@2x-10.png","contentUrl":"https:\/\/paraguaycourier.com\/wp-content\/uploads\/2023\/08\/LOGO@2x-10.png","width":2160,"height":980,"caption":"Paraguay Courier"},"image":{"@id":"https:\/\/paraguaycourier.com\/#\/schema\/logo\/image\/"},"sameAs":["https:\/\/www.facebook.com\/ParaguayCourierOficial","https:\/\/www.instagram.com\/paraguaycourier"]}]}},"_links":{"self":[{"href":"https:\/\/paraguaycourier.com\/index.php\/wp-json\/wp\/v2\/pages\/6929"}],"collection":[{"href":"https:\/\/paraguaycourier.com\/index.php\/wp-json\/wp\/v2\/pages"}],"about":[{"href":"https:\/\/paraguaycourier.com\/index.php\/wp-json\/wp\/v2\/types\/page"}],"author":[{"embeddable":true,"href":"https:\/\/paraguaycourier.com\/index.php\/wp-json\/wp\/v2\/users\/1"}],"replies":[{"embeddable":true,"href":"https:\/\/paraguaycourier.com\/index.php\/wp-json\/wp\/v2\/comments?post=6929"}],"version-history":[{"count":6,"href":"https:\/\/paraguaycourier.com\/index.php\/wp-json\/wp\/v2\/pages\/6929\/revisions"}],"predecessor-version":[{"id":6973,"href":"https:\/\/paraguaycourier.com\/index.php\/wp-json\/wp\/v2\/pages\/6929\/revisions\/6973"}],"wp:attachment":[{"href":"https:\/\/paraguaycourier.com\/index.php\/wp-json\/wp\/v2\/media?parent=6929"}],"curies":[{"name":"wp","href":"https:\/\/api.w.org\/{rel}","templated":true}]}}