{"id":8133,"date":"2024-06-19T19:53:42","date_gmt":"2024-06-19T19:53:42","guid":{"rendered":"https:\/\/paraguaycourier.com\/index.php\/contacto-copy\/"},"modified":"2025-06-04T19:22:42","modified_gmt":"2025-06-04T19:22:42","slug":"direccionesdeentrega","status":"publish","type":"page","link":"https:\/\/paraguaycourier.com\/index.php\/direccionesdeentrega\/","title":{"rendered":"Direcciones de Envio Aereo"},"content":{"rendered":"<section class=\"wpb-content-wrapper\"><p>[vc_row full_width=&#8221;stretch_row_content&#8221; gap=&#8221;35&#8243; full_height=&#8221;yes&#8221; container=&#8221;1&#8243;][vc_column parallax=&#8221;content-moving-fade&#8221;] \r\n    <section class=\"form-info text-center\">\r\n  <div class=\"container\">\r\n    <div class=\"row\">\r\n          <div class=\"col-lg-4 col-md-12\">\r\n        <div class=\"info-inner\">\r\n          <h3 class=\"title\">USA <br><img data-src=\"https:\/\/paraguaycourier.com\/wp-content\/uploads\/2024\/06\/flag-usa.png\" src=\"data:image\/gif;base64,R0lGODlhAQABAAAAACH5BAEKAAEALAAAAAABAAEAAAICTAEAOw==\" class=\"lazyload\" style=\"--smush-placeholder-width: 150px; --smush-placeholder-aspect-ratio: 150\/150;\"><noscript><img src=\"https:\/\/paraguaycourier.com\/wp-content\/uploads\/2024\/06\/flag-usa.png\"><\/noscript><\/h3>\r\n          <ul class=\"contact-info list-inline\">\r\n            <li class=\"mb-3\"><p><strong>Name:<\/strong> JUAN PEREZ VM12345<br> <strong>Address Line 1:<\/strong> 8429 NW 74th Street<br> <strong>Address Line 2:<\/strong><br> <strong>City:<\/strong> Miami<br> <strong>State\/Province\/Region:<\/strong> Florida<br> <strong>Zip Code:<\/strong> 33166<br> <strong>Country:<\/strong> United States<br> <strong>Phone Number:<\/strong> +1 786 690 0324<br><br><br><br><br><\/p>              \r\n            <\/li>\r\n            <li class=\"mb-3\"><a href=\"tel:\"><\/a>\r\n            <\/li>\r\n            <li><a href=\"mailto:                                                                            \">                                                                             <\/a>\r\n            <\/li>\r\n          <\/ul>\r\n        <\/div>\r\n      <\/div>\r\n            <div class=\"col-lg-4 col-md-12\">\r\n        <div class=\"info-inner\">\r\n          <h3 class=\"title\">CHINA <br><img data-src=\"https:\/\/paraguaycourier.com\/wp-content\/uploads\/2024\/06\/flag-ch.png\" src=\"data:image\/gif;base64,R0lGODlhAQABAAAAACH5BAEKAAEALAAAAAABAAEAAAICTAEAOw==\" class=\"lazyload\" style=\"--smush-placeholder-width: 150px; --smush-placeholder-aspect-ratio: 150\/150;\"><noscript><img src=\"https:\/\/paraguaycourier.com\/wp-content\/uploads\/2024\/06\/flag-ch.png\"><\/noscript><\/h3>\r\n          <ul class=\"contact-info list-inline\">\r\n            <li class=\"mb-3\"><p><strong>Name:<\/strong> JUAN PEREZ VM12345<br>  <strong>Direcci\u00f3n en chino:<\/strong> \u4e2d\u6587\u5730\u5740\uff1a\u5e7f\u4e1c\u7701\u6df1\u5733\u5e02\u9f99\u5c97\u533a\u9f99\u57ce\u8857\u9053\u9ec4\u9601\u8def\u5929\u5b89\u6570\u7801\u57ce4\u680bB\u5ea76\u697c 26\u53f7 \u2013 \u90ae\u653f\u7f16\u7801518172<br>  <strong>Direcci\u00f3n en espa\u00f1ol:<\/strong> Add: 4B626, Longgang Tianan Cyber City, Huangge Road, Longcheng Street, Longgang District, Shenzhen, Guangdong Province, China<br>  <strong>Zip Code:<\/strong> 518172 <br>  <strong>Country:<\/strong> China<br>  <strong>Phone Number:<\/strong> +86-15986787092<br><br><\/p>              \r\n            <\/li>\r\n            <li class=\"mb-3\"><a href=\"tel:\"><\/a>\r\n            <\/li>\r\n            <li><a href=\"mailto:\"> <\/a>\r\n            <\/li>\r\n          <\/ul>\r\n        <\/div>\r\n      <\/div>\r\n            <div class=\"col-lg-4 col-md-12\">\r\n        <div class=\"info-inner\">\r\n          <h3 class=\"title\">BRASIL <br><img data-src=\"https:\/\/paraguaycourier.com\/wp-content\/uploads\/2024\/06\/flag-br.png\" src=\"data:image\/gif;base64,R0lGODlhAQABAAAAACH5BAEKAAEALAAAAAABAAEAAAICTAEAOw==\" class=\"lazyload\" style=\"--smush-placeholder-width: 150px; --smush-placeholder-aspect-ratio: 150\/150;\"><noscript><img src=\"https:\/\/paraguaycourier.com\/wp-content\/uploads\/2024\/06\/flag-br.png\"><\/noscript><\/h3>\r\n          <ul class=\"contact-info list-inline\">\r\n            <li class=\"mb-3\"><p><strong>Nombre:<\/strong> 1 nombre + 1 apellido + n\u00b0 de casilla asignado<br> Rua san andres , casa 5<br> Residencial Cana\u00e3<br> <strong>Barrio:<\/strong> Vila dos tecnicos<br> <strong>C\u00f3digo postal:<\/strong> Cep 85980-000<br> Guaira \u2013 PR<br> +55 44 99105 5208<br><\/p>              \r\n            <\/li>\r\n            <li class=\"mb-3\"><a href=\"tel:\"><\/a>\r\n            <\/li>\r\n            <li><a href=\"mailto:\"> <\/a>\r\n            <\/li>\r\n          <\/ul>\r\n        <\/div>\r\n      <\/div>\r\n          <\/div>\r\n  <\/div>\r\n<\/section>\r\n\r\n[vc_row_inner][vc_column_inner][vc_wp_text]<\/p>\n<section style=\"padding: 15px 0 !important;\">\n<div class=\"container\">\n<div class=\"row\" align=\"center\">\n<div class=\"col-lg-12 col-md-12 text-center\" align=\"center\">\n<div style=\"width: 100%;\" align=\"center\">\n<div align=\"center\"><\/div>\n<\/div>\n<\/div>\n<\/div>\n<\/div>\n<\/section>\n<p>[\/vc_wp_text][\/vc_column_inner][\/vc_row_inner][\/vc_column][\/vc_row]<\/p>\n<\/section>","protected":false},"excerpt":{"rendered":"<p>[vc_row full_width=&#8221;stretch_row_content&#8221; gap=&#8221;35&#8243; full_height=&#8221;yes&#8221; container=&#8221;1&#8243;][vc_column parallax=&#8221;content-moving-fade&#8221;][vc_row_inner][vc_column_inner][vc_wp_text] [\/vc_wp_text][\/vc_column_inner][\/vc_row_inner][\/vc_column][\/vc_row]<\/p>\n","protected":false},"author":1,"featured_media":0,"parent":0,"menu_order":0,"comment_status":"closed","ping_status":"closed","template":"page-templates\/other-page.php","meta":{"_eb_attr":"","ub_ctt_via":"","footnotes":"","_joinchat":[]},"featured_image_src":null,"yoast_head":"<!-- This site is optimized with the Yoast SEO plugin v21.8 - https:\/\/yoast.com\/wordpress\/plugins\/seo\/ -->\n<title>Direcciones de Envio Aereo - Paraguay Courier - El mejor Courier del pa\u00eds :: Compras de Internet con tu casilla gratis en Miami ::<\/title>\n<meta name=\"description\" content=\"Compr\u00e1 en las mejores tiendas de internet con el mejor Courier del pa\u00eds. \u00a1Obten\u00e9 ahora tu casilla GRATIS en Miami y retir\u00e1 tus compras desde USA!\" \/>\n<meta name=\"robots\" content=\"index, follow, max-snippet:-1, max-image-preview:large, max-video-preview:-1\" \/>\n<link rel=\"canonical\" href=\"https:\/\/paraguaycourier.com\/index.php\/direccionesdeentrega\/\" \/>\n<meta property=\"og:locale\" content=\"en_US\" \/>\n<meta property=\"og:type\" content=\"article\" \/>\n<meta property=\"og:title\" content=\"Direcciones de Envio Aereo - Paraguay Courier - El mejor Courier del pa\u00eds :: Compras de Internet con tu casilla gratis en Miami ::\" \/>\n<meta property=\"og:description\" content=\"Compr\u00e1 en las mejores tiendas de internet con el mejor Courier del pa\u00eds. \u00a1Obten\u00e9 ahora tu casilla GRATIS en Miami y retir\u00e1 tus compras desde USA!\" \/>\n<meta property=\"og:url\" content=\"https:\/\/paraguaycourier.com\/index.php\/direccionesdeentrega\/\" \/>\n<meta property=\"og:site_name\" content=\"Paraguay Courier - El mejor Courier del pa\u00eds :: Compras de Internet con tu casilla gratis en Miami ::\" \/>\n<meta property=\"article:publisher\" content=\"https:\/\/www.facebook.com\/ParaguayCourierOficial\" \/>\n<meta property=\"article:modified_time\" content=\"2025-06-04T19:22:42+00:00\" \/>\n<meta property=\"og:image\" content=\"https:\/\/paraguaycourier.com\/wp-content\/uploads\/2023\/06\/banner-usa-home2-2.jpg\" \/>\n\t<meta property=\"og:image:width\" content=\"1920\" \/>\n\t<meta property=\"og:image:height\" content=\"740\" \/>\n\t<meta property=\"og:image:type\" content=\"image\/jpeg\" \/>\n<meta name=\"twitter:card\" content=\"summary_large_image\" \/>\n<meta name=\"twitter:label1\" content=\"Est. reading time\" \/>\n\t<meta name=\"twitter:data1\" content=\"1 minute\" \/>\n<script type=\"application\/ld+json\" class=\"yoast-schema-graph\">{\"@context\":\"https:\/\/schema.org\",\"@graph\":[{\"@type\":\"WebPage\",\"@id\":\"https:\/\/paraguaycourier.com\/index.php\/direccionesdeentrega\/\",\"url\":\"https:\/\/paraguaycourier.com\/index.php\/direccionesdeentrega\/\",\"name\":\"Direcciones de Envio Aereo - Paraguay Courier - El mejor Courier del pa\u00eds :: Compras de Internet con tu casilla gratis en Miami ::\",\"isPartOf\":{\"@id\":\"https:\/\/paraguaycourier.com\/#website\"},\"datePublished\":\"2024-06-19T19:53:42+00:00\",\"dateModified\":\"2025-06-04T19:22:42+00:00\",\"description\":\"Compr\u00e1 en las mejores tiendas de internet con el mejor Courier del pa\u00eds. \u00a1Obten\u00e9 ahora tu casilla GRATIS en Miami y retir\u00e1 tus compras desde USA!\",\"breadcrumb\":{\"@id\":\"https:\/\/paraguaycourier.com\/index.php\/direccionesdeentrega\/#breadcrumb\"},\"inLanguage\":\"en-US\",\"potentialAction\":[{\"@type\":\"ReadAction\",\"target\":[\"https:\/\/paraguaycourier.com\/index.php\/direccionesdeentrega\/\"]}]},{\"@type\":\"BreadcrumbList\",\"@id\":\"https:\/\/paraguaycourier.com\/index.php\/direccionesdeentrega\/#breadcrumb\",\"itemListElement\":[{\"@type\":\"ListItem\",\"position\":1,\"name\":\"Home\",\"item\":\"https:\/\/paraguaycourier.com\/\"},{\"@type\":\"ListItem\",\"position\":2,\"name\":\"Direcciones de Envio Aereo\"}]},{\"@type\":\"WebSite\",\"@id\":\"https:\/\/paraguaycourier.com\/#website\",\"url\":\"https:\/\/paraguaycourier.com\/\",\"name\":\"Compra de USA, CHINA y EUROPA con Tu Courier Favorito: Seguro, Confiable y R\u00e1pido con Paraguay Courier\",\"description\":\"Paraguay Courier\",\"publisher\":{\"@id\":\"https:\/\/paraguaycourier.com\/#organization\"},\"potentialAction\":[{\"@type\":\"SearchAction\",\"target\":{\"@type\":\"EntryPoint\",\"urlTemplate\":\"https:\/\/paraguaycourier.com\/?s={search_term_string}\"},\"query-input\":\"required name=search_term_string\"}],\"inLanguage\":\"en-US\"},{\"@type\":\"Organization\",\"@id\":\"https:\/\/paraguaycourier.com\/#organization\",\"name\":\"Paraguay Courier\",\"url\":\"https:\/\/paraguaycourier.com\/\",\"logo\":{\"@type\":\"ImageObject\",\"inLanguage\":\"en-US\",\"@id\":\"https:\/\/paraguaycourier.com\/#\/schema\/logo\/image\/\",\"url\":\"https:\/\/paraguaycourier.com\/wp-content\/uploads\/2023\/08\/LOGO@2x-10.png\",\"contentUrl\":\"https:\/\/paraguaycourier.com\/wp-content\/uploads\/2023\/08\/LOGO@2x-10.png\",\"width\":2160,\"height\":980,\"caption\":\"Paraguay Courier\"},\"image\":{\"@id\":\"https:\/\/paraguaycourier.com\/#\/schema\/logo\/image\/\"},\"sameAs\":[\"https:\/\/www.facebook.com\/ParaguayCourierOficial\",\"https:\/\/www.instagram.com\/paraguaycourier\"]}]}<\/script>\n<!-- \/ Yoast SEO plugin. -->","yoast_head_json":{"title":"Direcciones de Envio Aereo - Paraguay Courier - El mejor Courier del pa\u00eds :: Compras de Internet con tu casilla gratis en Miami ::","description":"Compr\u00e1 en las mejores tiendas de internet con el mejor Courier del pa\u00eds. \u00a1Obten\u00e9 ahora tu casilla GRATIS en Miami y retir\u00e1 tus compras desde USA!","robots":{"index":"index","follow":"follow","max-snippet":"max-snippet:-1","max-image-preview":"max-image-preview:large","max-video-preview":"max-video-preview:-1"},"canonical":"https:\/\/paraguaycourier.com\/index.php\/direccionesdeentrega\/","og_locale":"en_US","og_type":"article","og_title":"Direcciones de Envio Aereo - Paraguay Courier - El mejor Courier del pa\u00eds :: Compras de Internet con tu casilla gratis en Miami ::","og_description":"Compr\u00e1 en las mejores tiendas de internet con el mejor Courier del pa\u00eds. \u00a1Obten\u00e9 ahora tu casilla GRATIS en Miami y retir\u00e1 tus compras desde USA!","og_url":"https:\/\/paraguaycourier.com\/index.php\/direccionesdeentrega\/","og_site_name":"Paraguay Courier - El mejor Courier del pa\u00eds :: Compras de Internet con tu casilla gratis en Miami ::","article_publisher":"https:\/\/www.facebook.com\/ParaguayCourierOficial","article_modified_time":"2025-06-04T19:22:42+00:00","og_image":[{"width":1920,"height":740,"url":"https:\/\/paraguaycourier.com\/wp-content\/uploads\/2023\/06\/banner-usa-home2-2.jpg","type":"image\/jpeg"}],"twitter_card":"summary_large_image","twitter_misc":{"Est. reading time":"1 minute"},"schema":{"@context":"https:\/\/schema.org","@graph":[{"@type":"WebPage","@id":"https:\/\/paraguaycourier.com\/index.php\/direccionesdeentrega\/","url":"https:\/\/paraguaycourier.com\/index.php\/direccionesdeentrega\/","name":"Direcciones de Envio Aereo - Paraguay Courier - El mejor Courier del pa\u00eds :: Compras de Internet con tu casilla gratis en Miami ::","isPartOf":{"@id":"https:\/\/paraguaycourier.com\/#website"},"datePublished":"2024-06-19T19:53:42+00:00","dateModified":"2025-06-04T19:22:42+00:00","description":"Compr\u00e1 en las mejores tiendas de internet con el mejor Courier del pa\u00eds. \u00a1Obten\u00e9 ahora tu casilla GRATIS en Miami y retir\u00e1 tus compras desde USA!","breadcrumb":{"@id":"https:\/\/paraguaycourier.com\/index.php\/direccionesdeentrega\/#breadcrumb"},"inLanguage":"en-US","potentialAction":[{"@type":"ReadAction","target":["https:\/\/paraguaycourier.com\/index.php\/direccionesdeentrega\/"]}]},{"@type":"BreadcrumbList","@id":"https:\/\/paraguaycourier.com\/index.php\/direccionesdeentrega\/#breadcrumb","itemListElement":[{"@type":"ListItem","position":1,"name":"Home","item":"https:\/\/paraguaycourier.com\/"},{"@type":"ListItem","position":2,"name":"Direcciones de Envio Aereo"}]},{"@type":"WebSite","@id":"https:\/\/paraguaycourier.com\/#website","url":"https:\/\/paraguaycourier.com\/","name":"Compra de USA, CHINA y EUROPA con Tu Courier Favorito: Seguro, Confiable y R\u00e1pido con Paraguay Courier","description":"Paraguay Courier","publisher":{"@id":"https:\/\/paraguaycourier.com\/#organization"},"potentialAction":[{"@type":"SearchAction","target":{"@type":"EntryPoint","urlTemplate":"https:\/\/paraguaycourier.com\/?s={search_term_string}"},"query-input":"required name=search_term_string"}],"inLanguage":"en-US"},{"@type":"Organization","@id":"https:\/\/paraguaycourier.com\/#organization","name":"Paraguay Courier","url":"https:\/\/paraguaycourier.com\/","logo":{"@type":"ImageObject","inLanguage":"en-US","@id":"https:\/\/paraguaycourier.com\/#\/schema\/logo\/image\/","url":"https:\/\/paraguaycourier.com\/wp-content\/uploads\/2023\/08\/LOGO@2x-10.png","contentUrl":"https:\/\/paraguaycourier.com\/wp-content\/uploads\/2023\/08\/LOGO@2x-10.png","width":2160,"height":980,"caption":"Paraguay Courier"},"image":{"@id":"https:\/\/paraguaycourier.com\/#\/schema\/logo\/image\/"},"sameAs":["https:\/\/www.facebook.com\/ParaguayCourierOficial","https:\/\/www.instagram.com\/paraguaycourier"]}]}},"_links":{"self":[{"href":"https:\/\/paraguaycourier.com\/index.php\/wp-json\/wp\/v2\/pages\/8133"}],"collection":[{"href":"https:\/\/paraguaycourier.com\/index.php\/wp-json\/wp\/v2\/pages"}],"about":[{"href":"https:\/\/paraguaycourier.com\/index.php\/wp-json\/wp\/v2\/types\/page"}],"author":[{"embeddable":true,"href":"https:\/\/paraguaycourier.com\/index.php\/wp-json\/wp\/v2\/users\/1"}],"replies":[{"embeddable":true,"href":"https:\/\/paraguaycourier.com\/index.php\/wp-json\/wp\/v2\/comments?post=8133"}],"version-history":[{"count":14,"href":"https:\/\/paraguaycourier.com\/index.php\/wp-json\/wp\/v2\/pages\/8133\/revisions"}],"predecessor-version":[{"id":14467,"href":"https:\/\/paraguaycourier.com\/index.php\/wp-json\/wp\/v2\/pages\/8133\/revisions\/14467"}],"wp:attachment":[{"href":"https:\/\/paraguaycourier.com\/index.php\/wp-json\/wp\/v2\/media?parent=8133"}],"curies":[{"name":"wp","href":"https:\/\/api.w.org\/{rel}","templated":true}]}}